{"id":26861,"date":"2024-08-13T13:49:00","date_gmt":"2024-08-13T13:49:00","guid":{"rendered":"https:\/\/ergra-engelen.be\/product\/multilens-halv-14-red-lunettes-de-lecture\/"},"modified":"2024-08-13T13:49:00","modified_gmt":"2024-08-13T13:49:00","slug":"multilens-halv-14-red-lunettes-de-lecture","status":"publish","type":"product","link":"https:\/\/ergra-engelen.be\/fr\/product\/multilens-halv-14-red-lunettes-de-lecture\/","title":{"rendered":"Multilens Halv 14 Red Lunettes de lecture"},"content":{"rendered":"","protected":false},"excerpt":{"rendered":"<p class=\"p1\">Cette lunette \u00e9l\u00e9gante \u00e0 haute puissance \u2018Multilens Halv 14 Red\u2019 est sp\u00e9cialement con\u00e7ue pour vous offrir une meilleure exp\u00e9rience de lecture.<\/p>\n<ul>\n<li class=\"p1\">Lunette de lecture \u00e0 haute puissance<\/li>\n<li>Dioptrie de +3 \u00e0 +16<\/li>\n<li class=\"p1\">Verres ovales<\/li>\n<li class=\"p1\">Monture transparente avec des accents rouges sur les c\u00f4t\u00e9s<\/li>\n<\/ul>\n","protected":false},"featured_media":26044,"template":"","meta":{"_exactmetrics_skip_tracking":false,"_exactmetrics_sitenote_active":false,"_exactmetrics_sitenote_note":"","_exactmetrics_sitenote_category":0},"product_brand":[],"product_cat":[180],"product_tag":[],"class_list":{"0":"post-26861","1":"product","2":"type-product","3":"status-publish","4":"has-post-thumbnail","6":"product_cat-lunettes-de-lecture-a-forte-puissance","8":"first","9":"instock","10":"taxable","11":"shipping-taxable","12":"purchasable","13":"product-type-variable"},"yoast_head":"<!-- This site is optimized with the Yoast SEO plugin v27.3 - https:\/\/yoast.com\/product\/yoast-seo-wordpress\/ -->\n<title>Multilens Halv 14 Red Lunettes de lecture - Ergra Engelen<\/title>\n<meta name=\"robots\" content=\"index, follow, max-snippet:-1, max-image-preview:large, max-video-preview:-1\" \/>\n<link rel=\"canonical\" href=\"https:\/\/ergra-engelen.be\/fr\/product\/multilens-halv-14-red-lunettes-de-lecture\/\" \/>\n<meta property=\"og:locale\" content=\"fr_FR\" \/>\n<meta property=\"og:type\" content=\"article\" \/>\n<meta property=\"og:title\" content=\"Multilens Halv 14 Red Lunettes de lecture - Ergra Engelen\" \/>\n<meta property=\"og:description\" content=\"Cette lunette \u00e9l\u00e9gante \u00e0 haute puissance \u2018Multilens Halv 14 Red\u2019 est sp\u00e9cialement con\u00e7ue pour vous offrir une meilleure exp\u00e9rience de lecture.   Lunette de lecture \u00e0 haute puissance  Dioptrie de +3 \u00e0 +16  Verres ovales  Monture transparente avec des accents rouges sur les c\u00f4t\u00e9s\" \/>\n<meta property=\"og:url\" content=\"https:\/\/ergra-engelen.be\/fr\/product\/multilens-halv-14-red-lunettes-de-lecture\/\" \/>\n<meta property=\"og:site_name\" content=\"Ergra Engelen\" \/>\n<meta property=\"og:image\" content=\"https:\/\/ergra-engelen.be\/wp-content\/uploads\/2024\/08\/Leesbril_3_B.jpg\" \/>\n\t<meta property=\"og:image:width\" content=\"2000\" \/>\n\t<meta property=\"og:image:height\" content=\"2000\" \/>\n\t<meta property=\"og:image:type\" content=\"image\/jpeg\" \/>\n<meta name=\"twitter:card\" content=\"summary_large_image\" \/>\n<script type=\"application\/ld+json\" class=\"yoast-schema-graph\">{\"@context\":\"https:\\\/\\\/schema.org\",\"@graph\":[{\"@type\":\"WebPage\",\"@id\":\"https:\\\/\\\/ergra-engelen.be\\\/fr\\\/product\\\/multilens-halv-14-red-lunettes-de-lecture\\\/\",\"url\":\"https:\\\/\\\/ergra-engelen.be\\\/fr\\\/product\\\/multilens-halv-14-red-lunettes-de-lecture\\\/\",\"name\":\"Multilens Halv 14 Red Lunettes de lecture - Ergra Engelen\",\"isPartOf\":{\"@id\":\"https:\\\/\\\/ergra-engelen.be\\\/fr\\\/#website\"},\"primaryImageOfPage\":{\"@id\":\"https:\\\/\\\/ergra-engelen.be\\\/fr\\\/product\\\/multilens-halv-14-red-lunettes-de-lecture\\\/#primaryimage\"},\"image\":{\"@id\":\"https:\\\/\\\/ergra-engelen.be\\\/fr\\\/product\\\/multilens-halv-14-red-lunettes-de-lecture\\\/#primaryimage\"},\"thumbnailUrl\":\"https:\\\/\\\/ergra-engelen.be\\\/wp-content\\\/uploads\\\/2024\\\/08\\\/Leesbril_3_B.jpg\",\"datePublished\":\"2024-08-13T13:49:00+00:00\",\"breadcrumb\":{\"@id\":\"https:\\\/\\\/ergra-engelen.be\\\/fr\\\/product\\\/multilens-halv-14-red-lunettes-de-lecture\\\/#breadcrumb\"},\"inLanguage\":\"fr-FR\",\"potentialAction\":[{\"@type\":\"ReadAction\",\"target\":[\"https:\\\/\\\/ergra-engelen.be\\\/fr\\\/product\\\/multilens-halv-14-red-lunettes-de-lecture\\\/\"]}]},{\"@type\":\"ImageObject\",\"inLanguage\":\"fr-FR\",\"@id\":\"https:\\\/\\\/ergra-engelen.be\\\/fr\\\/product\\\/multilens-halv-14-red-lunettes-de-lecture\\\/#primaryimage\",\"url\":\"https:\\\/\\\/ergra-engelen.be\\\/wp-content\\\/uploads\\\/2024\\\/08\\\/Leesbril_3_B.jpg\",\"contentUrl\":\"https:\\\/\\\/ergra-engelen.be\\\/wp-content\\\/uploads\\\/2024\\\/08\\\/Leesbril_3_B.jpg\",\"width\":2000,\"height\":2000},{\"@type\":\"BreadcrumbList\",\"@id\":\"https:\\\/\\\/ergra-engelen.be\\\/fr\\\/product\\\/multilens-halv-14-red-lunettes-de-lecture\\\/#breadcrumb\",\"itemListElement\":[{\"@type\":\"ListItem\",\"position\":1,\"name\":\"Maison\",\"item\":\"https:\\\/\\\/ergra-engelen.be\\\/fr\\\/\"},{\"@type\":\"ListItem\",\"position\":2,\"name\":\"Boutique en ligne\",\"item\":\"https:\\\/\\\/ergra-engelen.be\\\/fr\\\/boutique-en-ligne-ergra-engelen-low-vision\\\/\"},{\"@type\":\"ListItem\",\"position\":3,\"name\":\"Multilens Halv 14 Red Lunettes de lecture\"}]},{\"@type\":\"WebSite\",\"@id\":\"https:\\\/\\\/ergra-engelen.be\\\/fr\\\/#website\",\"url\":\"https:\\\/\\\/ergra-engelen.be\\\/fr\\\/\",\"name\":\"Ergra Engelen\",\"description\":\"Le meilleur sous une meilleure vue\",\"publisher\":{\"@id\":\"https:\\\/\\\/ergra-engelen.be\\\/fr\\\/#organization\"},\"potentialAction\":[{\"@type\":\"SearchAction\",\"target\":{\"@type\":\"EntryPoint\",\"urlTemplate\":\"https:\\\/\\\/ergra-engelen.be\\\/fr\\\/?s={search_term_string}\"},\"query-input\":{\"@type\":\"PropertyValueSpecification\",\"valueRequired\":true,\"valueName\":\"search_term_string\"}}],\"inLanguage\":\"fr-FR\"},{\"@type\":\"Organization\",\"@id\":\"https:\\\/\\\/ergra-engelen.be\\\/fr\\\/#organization\",\"name\":\"Ergra Engelen\",\"url\":\"https:\\\/\\\/ergra-engelen.be\\\/fr\\\/\",\"logo\":{\"@type\":\"ImageObject\",\"inLanguage\":\"fr-FR\",\"@id\":\"https:\\\/\\\/ergra-engelen.be\\\/fr\\\/#\\\/schema\\\/logo\\\/image\\\/\",\"url\":\"https:\\\/\\\/ergra-engelen.be\\\/wp-content\\\/uploads\\\/2023\\\/07\\\/ERGRA_logo_black_rgb.png\",\"contentUrl\":\"https:\\\/\\\/ergra-engelen.be\\\/wp-content\\\/uploads\\\/2023\\\/07\\\/ERGRA_logo_black_rgb.png\",\"width\":1500,\"height\":699,\"caption\":\"Ergra Engelen\"},\"image\":{\"@id\":\"https:\\\/\\\/ergra-engelen.be\\\/fr\\\/#\\\/schema\\\/logo\\\/image\\\/\"}}]}<\/script>\n<!-- \/ Yoast SEO plugin. -->","yoast_head_json":{"title":"Multilens Halv 14 Red Lunettes de lecture - Ergra Engelen","robots":{"index":"index","follow":"follow","max-snippet":"max-snippet:-1","max-image-preview":"max-image-preview:large","max-video-preview":"max-video-preview:-1"},"canonical":"https:\/\/ergra-engelen.be\/fr\/product\/multilens-halv-14-red-lunettes-de-lecture\/","og_locale":"fr_FR","og_type":"article","og_title":"Multilens Halv 14 Red Lunettes de lecture - Ergra Engelen","og_description":"Cette lunette \u00e9l\u00e9gante \u00e0 haute puissance \u2018Multilens Halv 14 Red\u2019 est sp\u00e9cialement con\u00e7ue pour vous offrir une meilleure exp\u00e9rience de lecture.   Lunette de lecture \u00e0 haute puissance  Dioptrie de +3 \u00e0 +16  Verres ovales  Monture transparente avec des accents rouges sur les c\u00f4t\u00e9s","og_url":"https:\/\/ergra-engelen.be\/fr\/product\/multilens-halv-14-red-lunettes-de-lecture\/","og_site_name":"Ergra Engelen","og_image":[{"width":2000,"height":2000,"url":"https:\/\/ergra-engelen.be\/wp-content\/uploads\/2024\/08\/Leesbril_3_B.jpg","type":"image\/jpeg"}],"twitter_card":"summary_large_image","schema":{"@context":"https:\/\/schema.org","@graph":[{"@type":"WebPage","@id":"https:\/\/ergra-engelen.be\/fr\/product\/multilens-halv-14-red-lunettes-de-lecture\/","url":"https:\/\/ergra-engelen.be\/fr\/product\/multilens-halv-14-red-lunettes-de-lecture\/","name":"Multilens Halv 14 Red Lunettes de lecture - Ergra Engelen","isPartOf":{"@id":"https:\/\/ergra-engelen.be\/fr\/#website"},"primaryImageOfPage":{"@id":"https:\/\/ergra-engelen.be\/fr\/product\/multilens-halv-14-red-lunettes-de-lecture\/#primaryimage"},"image":{"@id":"https:\/\/ergra-engelen.be\/fr\/product\/multilens-halv-14-red-lunettes-de-lecture\/#primaryimage"},"thumbnailUrl":"https:\/\/ergra-engelen.be\/wp-content\/uploads\/2024\/08\/Leesbril_3_B.jpg","datePublished":"2024-08-13T13:49:00+00:00","breadcrumb":{"@id":"https:\/\/ergra-engelen.be\/fr\/product\/multilens-halv-14-red-lunettes-de-lecture\/#breadcrumb"},"inLanguage":"fr-FR","potentialAction":[{"@type":"ReadAction","target":["https:\/\/ergra-engelen.be\/fr\/product\/multilens-halv-14-red-lunettes-de-lecture\/"]}]},{"@type":"ImageObject","inLanguage":"fr-FR","@id":"https:\/\/ergra-engelen.be\/fr\/product\/multilens-halv-14-red-lunettes-de-lecture\/#primaryimage","url":"https:\/\/ergra-engelen.be\/wp-content\/uploads\/2024\/08\/Leesbril_3_B.jpg","contentUrl":"https:\/\/ergra-engelen.be\/wp-content\/uploads\/2024\/08\/Leesbril_3_B.jpg","width":2000,"height":2000},{"@type":"BreadcrumbList","@id":"https:\/\/ergra-engelen.be\/fr\/product\/multilens-halv-14-red-lunettes-de-lecture\/#breadcrumb","itemListElement":[{"@type":"ListItem","position":1,"name":"Maison","item":"https:\/\/ergra-engelen.be\/fr\/"},{"@type":"ListItem","position":2,"name":"Boutique en ligne","item":"https:\/\/ergra-engelen.be\/fr\/boutique-en-ligne-ergra-engelen-low-vision\/"},{"@type":"ListItem","position":3,"name":"Multilens Halv 14 Red Lunettes de lecture"}]},{"@type":"WebSite","@id":"https:\/\/ergra-engelen.be\/fr\/#website","url":"https:\/\/ergra-engelen.be\/fr\/","name":"Ergra Engelen","description":"Le meilleur sous une meilleure vue","publisher":{"@id":"https:\/\/ergra-engelen.be\/fr\/#organization"},"potentialAction":[{"@type":"SearchAction","target":{"@type":"EntryPoint","urlTemplate":"https:\/\/ergra-engelen.be\/fr\/?s={search_term_string}"},"query-input":{"@type":"PropertyValueSpecification","valueRequired":true,"valueName":"search_term_string"}}],"inLanguage":"fr-FR"},{"@type":"Organization","@id":"https:\/\/ergra-engelen.be\/fr\/#organization","name":"Ergra Engelen","url":"https:\/\/ergra-engelen.be\/fr\/","logo":{"@type":"ImageObject","inLanguage":"fr-FR","@id":"https:\/\/ergra-engelen.be\/fr\/#\/schema\/logo\/image\/","url":"https:\/\/ergra-engelen.be\/wp-content\/uploads\/2023\/07\/ERGRA_logo_black_rgb.png","contentUrl":"https:\/\/ergra-engelen.be\/wp-content\/uploads\/2023\/07\/ERGRA_logo_black_rgb.png","width":1500,"height":699,"caption":"Ergra Engelen"},"image":{"@id":"https:\/\/ergra-engelen.be\/fr\/#\/schema\/logo\/image\/"}}]}},"jetpack_sharing_enabled":true,"_links":{"self":[{"href":"https:\/\/ergra-engelen.be\/fr\/wp-json\/wp\/v2\/product\/26861","targetHints":{"allow":["GET"]}}],"collection":[{"href":"https:\/\/ergra-engelen.be\/fr\/wp-json\/wp\/v2\/product"}],"about":[{"href":"https:\/\/ergra-engelen.be\/fr\/wp-json\/wp\/v2\/types\/product"}],"wp:featuredmedia":[{"embeddable":true,"href":"https:\/\/ergra-engelen.be\/fr\/wp-json\/wp\/v2\/media\/26044"}],"wp:attachment":[{"href":"https:\/\/ergra-engelen.be\/fr\/wp-json\/wp\/v2\/media?parent=26861"}],"wp:term":[{"taxonomy":"product_brand","embeddable":true,"href":"https:\/\/ergra-engelen.be\/fr\/wp-json\/wp\/v2\/product_brand?post=26861"},{"taxonomy":"product_cat","embeddable":true,"href":"https:\/\/ergra-engelen.be\/fr\/wp-json\/wp\/v2\/product_cat?post=26861"},{"taxonomy":"product_tag","embeddable":true,"href":"https:\/\/ergra-engelen.be\/fr\/wp-json\/wp\/v2\/product_tag?post=26861"}],"curies":[{"name":"wp","href":"https:\/\/api.w.org\/{rel}","templated":true}]}}