{"id":22003,"date":"2023-12-14T15:53:46","date_gmt":"2023-12-14T15:53:46","guid":{"rendered":"https:\/\/ergra-engelen.be\/product\/schweizer-ergo-lux-i-mobil-loupe-a-main-avec-station-de-charge-high-power\/"},"modified":"2023-12-14T15:53:46","modified_gmt":"2023-12-14T15:53:46","slug":"schweizer-ergo-lux-i-mobil-loupe-a-main-ronde-avec-station-de-charge-high-power","status":"publish","type":"product","link":"https:\/\/ergra-engelen.be\/fr\/product\/schweizer-ergo-lux-i-mobil-loupe-a-main-ronde-avec-station-de-charge-high-power\/","title":{"rendered":"Schweizer Ergo-Lux i mobil loupe \u00e0 main avec station de charge &#8211; High Power"},"content":{"rendered":"","protected":false},"excerpt":{"rendered":"<ul>\n<li>Loupe \u00e0 main avec \u00e9clairage.<\/li>\n<li>Avec la station de recharge, vous n\u2019aurez plus jamais \u00e0 remplacer les piles !<\/li>\n<li>Disponible en diff\u00e9rents grossissements : 28D \u2013 39D \u2013 48D \u2013 56D<\/li>\n<li>Disponible en 3 couleurs de lumi\u00e8re :<\/li>\n<li>2700\u00b0K: lumi\u00e8re jaune<\/li>\n<li>4500 K\u00b0: lumi\u00e8re blanche<\/li>\n<li>6500 K\u00b0: lumi\u00e8re blanche-bleue<\/li>\n<li>Apr\u00e8s utilisation, vous pouvez placer la loupe sur la station de recharge.<\/li>\n<li>La batterie int\u00e9gr\u00e9e est ensuite recharg\u00e9e.<\/li>\n<li>Vous n&rsquo;avez pas besoin de connecter la loupe \u00e0 la station de charge, car l&rsquo;\u00e9nergie est transf\u00e9r\u00e9e sans fil gr\u00e2ce \u00e0 la technologie \u00e0 induction.<\/li>\n<li>La station de recharge peut \u00e9galement recharger d\u2019autres appareils, comme un t\u00e9l\u00e9phone.<\/li>\n<\/ul>\n","protected":false},"featured_media":33358,"template":"","meta":{"_exactmetrics_skip_tracking":false,"_exactmetrics_sitenote_active":false,"_exactmetrics_sitenote_note":"","_exactmetrics_sitenote_category":0},"product_brand":[],"product_cat":[126,142],"product_tag":[],"class_list":{"0":"post-22003","1":"product","2":"type-product","3":"status-publish","4":"has-post-thumbnail","6":"product_cat-je-suis-malvoyante","7":"product_cat-loupes-optiques","9":"first","10":"instock","11":"taxable","12":"shipping-taxable","13":"purchasable","14":"product-type-variable","15":"has-default-attributes"},"yoast_head":"<!-- This site is optimized with the Yoast SEO plugin v27.3 - https:\/\/yoast.com\/product\/yoast-seo-wordpress\/ -->\n<title>Loupe manuelle ronde Schweizer Ergo-Lux i mobil avec chargeur - High Power<\/title>\n<meta name=\"description\" content=\"Loupe \u00e0 main avec \u00e9clairage - avec station de charge, vous n&#039;aurez plus jamais besoin de remplacer les piles - disponible en diff\u00e9rents grossissements - disponible en 3 couleurs de lumi\u00e8re\" \/>\n<meta name=\"robots\" content=\"index, follow, max-snippet:-1, max-image-preview:large, max-video-preview:-1\" \/>\n<link rel=\"canonical\" href=\"https:\/\/ergra-engelen.be\/fr\/product\/schweizer-ergo-lux-i-mobil-loupe-a-main-ronde-avec-station-de-charge-high-power\/\" \/>\n<meta property=\"og:locale\" content=\"fr_FR\" \/>\n<meta property=\"og:type\" content=\"article\" \/>\n<meta property=\"og:title\" content=\"Loupe manuelle ronde Schweizer Ergo-Lux i mobil avec chargeur - High Power\" \/>\n<meta property=\"og:description\" content=\"Loupe \u00e0 main avec \u00e9clairage - avec station de charge, vous n&#039;aurez plus jamais besoin de remplacer les piles - disponible en diff\u00e9rents grossissements - disponible en 3 couleurs de lumi\u00e8re\" \/>\n<meta property=\"og:url\" content=\"https:\/\/ergra-engelen.be\/fr\/product\/schweizer-ergo-lux-i-mobil-loupe-a-main-ronde-avec-station-de-charge-high-power\/\" \/>\n<meta property=\"og:site_name\" content=\"Ergra Engelen\" \/>\n<meta property=\"og:image\" content=\"https:\/\/ergra-engelen.be\/wp-content\/uploads\/2023\/12\/156392_ERGO-Luximobil_39D__19535.jpg\" \/>\n\t<meta property=\"og:image:width\" content=\"1280\" \/>\n\t<meta property=\"og:image:height\" content=\"1280\" \/>\n\t<meta property=\"og:image:type\" content=\"image\/jpeg\" \/>\n<meta name=\"twitter:card\" content=\"summary_large_image\" \/>\n<script type=\"application\/ld+json\" class=\"yoast-schema-graph\">{\"@context\":\"https:\\\/\\\/schema.org\",\"@graph\":[{\"@type\":\"WebPage\",\"@id\":\"https:\\\/\\\/ergra-engelen.be\\\/fr\\\/product\\\/schweizer-ergo-lux-i-mobil-loupe-a-main-ronde-avec-station-de-charge-high-power\\\/\",\"url\":\"https:\\\/\\\/ergra-engelen.be\\\/fr\\\/product\\\/schweizer-ergo-lux-i-mobil-loupe-a-main-ronde-avec-station-de-charge-high-power\\\/\",\"name\":\"Loupe manuelle ronde Schweizer Ergo-Lux i mobil avec chargeur - High Power\",\"isPartOf\":{\"@id\":\"https:\\\/\\\/ergra-engelen.be\\\/fr\\\/#website\"},\"primaryImageOfPage\":{\"@id\":\"https:\\\/\\\/ergra-engelen.be\\\/fr\\\/product\\\/schweizer-ergo-lux-i-mobil-loupe-a-main-ronde-avec-station-de-charge-high-power\\\/#primaryimage\"},\"image\":{\"@id\":\"https:\\\/\\\/ergra-engelen.be\\\/fr\\\/product\\\/schweizer-ergo-lux-i-mobil-loupe-a-main-ronde-avec-station-de-charge-high-power\\\/#primaryimage\"},\"thumbnailUrl\":\"https:\\\/\\\/ergra-engelen.be\\\/wp-content\\\/uploads\\\/2023\\\/12\\\/imobil-greenline.jpg\",\"datePublished\":\"2023-12-14T15:53:46+00:00\",\"description\":\"Loupe \u00e0 main avec \u00e9clairage - avec station de charge, vous n'aurez plus jamais besoin de remplacer les piles - disponible en diff\u00e9rents grossissements - disponible en 3 couleurs de lumi\u00e8re\",\"breadcrumb\":{\"@id\":\"https:\\\/\\\/ergra-engelen.be\\\/fr\\\/product\\\/schweizer-ergo-lux-i-mobil-loupe-a-main-ronde-avec-station-de-charge-high-power\\\/#breadcrumb\"},\"inLanguage\":\"fr-FR\",\"potentialAction\":[{\"@type\":\"ReadAction\",\"target\":[\"https:\\\/\\\/ergra-engelen.be\\\/fr\\\/product\\\/schweizer-ergo-lux-i-mobil-loupe-a-main-ronde-avec-station-de-charge-high-power\\\/\"]}]},{\"@type\":\"ImageObject\",\"inLanguage\":\"fr-FR\",\"@id\":\"https:\\\/\\\/ergra-engelen.be\\\/fr\\\/product\\\/schweizer-ergo-lux-i-mobil-loupe-a-main-ronde-avec-station-de-charge-high-power\\\/#primaryimage\",\"url\":\"https:\\\/\\\/ergra-engelen.be\\\/wp-content\\\/uploads\\\/2023\\\/12\\\/imobil-greenline.jpg\",\"contentUrl\":\"https:\\\/\\\/ergra-engelen.be\\\/wp-content\\\/uploads\\\/2023\\\/12\\\/imobil-greenline.jpg\",\"width\":386,\"height\":344},{\"@type\":\"BreadcrumbList\",\"@id\":\"https:\\\/\\\/ergra-engelen.be\\\/fr\\\/product\\\/schweizer-ergo-lux-i-mobil-loupe-a-main-ronde-avec-station-de-charge-high-power\\\/#breadcrumb\",\"itemListElement\":[{\"@type\":\"ListItem\",\"position\":1,\"name\":\"Maison\",\"item\":\"https:\\\/\\\/ergra-engelen.be\\\/fr\\\/\"},{\"@type\":\"ListItem\",\"position\":2,\"name\":\"Boutique en ligne\",\"item\":\"https:\\\/\\\/ergra-engelen.be\\\/fr\\\/boutique-en-ligne-ergra-engelen-low-vision\\\/\"},{\"@type\":\"ListItem\",\"position\":3,\"name\":\"Schweizer Ergo-Lux i mobil loupe \u00e0 main avec station de charge &#8211; High Power\"}]},{\"@type\":\"WebSite\",\"@id\":\"https:\\\/\\\/ergra-engelen.be\\\/fr\\\/#website\",\"url\":\"https:\\\/\\\/ergra-engelen.be\\\/fr\\\/\",\"name\":\"Ergra Engelen\",\"description\":\"Le meilleur sous une meilleure vue\",\"publisher\":{\"@id\":\"https:\\\/\\\/ergra-engelen.be\\\/fr\\\/#organization\"},\"potentialAction\":[{\"@type\":\"SearchAction\",\"target\":{\"@type\":\"EntryPoint\",\"urlTemplate\":\"https:\\\/\\\/ergra-engelen.be\\\/fr\\\/?s={search_term_string}\"},\"query-input\":{\"@type\":\"PropertyValueSpecification\",\"valueRequired\":true,\"valueName\":\"search_term_string\"}}],\"inLanguage\":\"fr-FR\"},{\"@type\":\"Organization\",\"@id\":\"https:\\\/\\\/ergra-engelen.be\\\/fr\\\/#organization\",\"name\":\"Ergra Engelen\",\"url\":\"https:\\\/\\\/ergra-engelen.be\\\/fr\\\/\",\"logo\":{\"@type\":\"ImageObject\",\"inLanguage\":\"fr-FR\",\"@id\":\"https:\\\/\\\/ergra-engelen.be\\\/fr\\\/#\\\/schema\\\/logo\\\/image\\\/\",\"url\":\"https:\\\/\\\/ergra-engelen.be\\\/wp-content\\\/uploads\\\/2023\\\/07\\\/ERGRA_logo_black_rgb.png\",\"contentUrl\":\"https:\\\/\\\/ergra-engelen.be\\\/wp-content\\\/uploads\\\/2023\\\/07\\\/ERGRA_logo_black_rgb.png\",\"width\":1500,\"height\":699,\"caption\":\"Ergra Engelen\"},\"image\":{\"@id\":\"https:\\\/\\\/ergra-engelen.be\\\/fr\\\/#\\\/schema\\\/logo\\\/image\\\/\"}}]}<\/script>\n<!-- \/ Yoast SEO plugin. -->","yoast_head_json":{"title":"Loupe manuelle ronde Schweizer Ergo-Lux i mobil avec chargeur - High Power","description":"Loupe \u00e0 main avec \u00e9clairage - avec station de charge, vous n'aurez plus jamais besoin de remplacer les piles - disponible en diff\u00e9rents grossissements - disponible en 3 couleurs de lumi\u00e8re","robots":{"index":"index","follow":"follow","max-snippet":"max-snippet:-1","max-image-preview":"max-image-preview:large","max-video-preview":"max-video-preview:-1"},"canonical":"https:\/\/ergra-engelen.be\/fr\/product\/schweizer-ergo-lux-i-mobil-loupe-a-main-ronde-avec-station-de-charge-high-power\/","og_locale":"fr_FR","og_type":"article","og_title":"Loupe manuelle ronde Schweizer Ergo-Lux i mobil avec chargeur - High Power","og_description":"Loupe \u00e0 main avec \u00e9clairage - avec station de charge, vous n'aurez plus jamais besoin de remplacer les piles - disponible en diff\u00e9rents grossissements - disponible en 3 couleurs de lumi\u00e8re","og_url":"https:\/\/ergra-engelen.be\/fr\/product\/schweizer-ergo-lux-i-mobil-loupe-a-main-ronde-avec-station-de-charge-high-power\/","og_site_name":"Ergra Engelen","og_image":[{"width":1280,"height":1280,"url":"https:\/\/ergra-engelen.be\/wp-content\/uploads\/2023\/12\/156392_ERGO-Luximobil_39D__19535.jpg","type":"image\/jpeg"}],"twitter_card":"summary_large_image","schema":{"@context":"https:\/\/schema.org","@graph":[{"@type":"WebPage","@id":"https:\/\/ergra-engelen.be\/fr\/product\/schweizer-ergo-lux-i-mobil-loupe-a-main-ronde-avec-station-de-charge-high-power\/","url":"https:\/\/ergra-engelen.be\/fr\/product\/schweizer-ergo-lux-i-mobil-loupe-a-main-ronde-avec-station-de-charge-high-power\/","name":"Loupe manuelle ronde Schweizer Ergo-Lux i mobil avec chargeur - High Power","isPartOf":{"@id":"https:\/\/ergra-engelen.be\/fr\/#website"},"primaryImageOfPage":{"@id":"https:\/\/ergra-engelen.be\/fr\/product\/schweizer-ergo-lux-i-mobil-loupe-a-main-ronde-avec-station-de-charge-high-power\/#primaryimage"},"image":{"@id":"https:\/\/ergra-engelen.be\/fr\/product\/schweizer-ergo-lux-i-mobil-loupe-a-main-ronde-avec-station-de-charge-high-power\/#primaryimage"},"thumbnailUrl":"https:\/\/ergra-engelen.be\/wp-content\/uploads\/2023\/12\/imobil-greenline.jpg","datePublished":"2023-12-14T15:53:46+00:00","description":"Loupe \u00e0 main avec \u00e9clairage - avec station de charge, vous n'aurez plus jamais besoin de remplacer les piles - disponible en diff\u00e9rents grossissements - disponible en 3 couleurs de lumi\u00e8re","breadcrumb":{"@id":"https:\/\/ergra-engelen.be\/fr\/product\/schweizer-ergo-lux-i-mobil-loupe-a-main-ronde-avec-station-de-charge-high-power\/#breadcrumb"},"inLanguage":"fr-FR","potentialAction":[{"@type":"ReadAction","target":["https:\/\/ergra-engelen.be\/fr\/product\/schweizer-ergo-lux-i-mobil-loupe-a-main-ronde-avec-station-de-charge-high-power\/"]}]},{"@type":"ImageObject","inLanguage":"fr-FR","@id":"https:\/\/ergra-engelen.be\/fr\/product\/schweizer-ergo-lux-i-mobil-loupe-a-main-ronde-avec-station-de-charge-high-power\/#primaryimage","url":"https:\/\/ergra-engelen.be\/wp-content\/uploads\/2023\/12\/imobil-greenline.jpg","contentUrl":"https:\/\/ergra-engelen.be\/wp-content\/uploads\/2023\/12\/imobil-greenline.jpg","width":386,"height":344},{"@type":"BreadcrumbList","@id":"https:\/\/ergra-engelen.be\/fr\/product\/schweizer-ergo-lux-i-mobil-loupe-a-main-ronde-avec-station-de-charge-high-power\/#breadcrumb","itemListElement":[{"@type":"ListItem","position":1,"name":"Maison","item":"https:\/\/ergra-engelen.be\/fr\/"},{"@type":"ListItem","position":2,"name":"Boutique en ligne","item":"https:\/\/ergra-engelen.be\/fr\/boutique-en-ligne-ergra-engelen-low-vision\/"},{"@type":"ListItem","position":3,"name":"Schweizer Ergo-Lux i mobil loupe \u00e0 main avec station de charge &#8211; High Power"}]},{"@type":"WebSite","@id":"https:\/\/ergra-engelen.be\/fr\/#website","url":"https:\/\/ergra-engelen.be\/fr\/","name":"Ergra Engelen","description":"Le meilleur sous une meilleure vue","publisher":{"@id":"https:\/\/ergra-engelen.be\/fr\/#organization"},"potentialAction":[{"@type":"SearchAction","target":{"@type":"EntryPoint","urlTemplate":"https:\/\/ergra-engelen.be\/fr\/?s={search_term_string}"},"query-input":{"@type":"PropertyValueSpecification","valueRequired":true,"valueName":"search_term_string"}}],"inLanguage":"fr-FR"},{"@type":"Organization","@id":"https:\/\/ergra-engelen.be\/fr\/#organization","name":"Ergra Engelen","url":"https:\/\/ergra-engelen.be\/fr\/","logo":{"@type":"ImageObject","inLanguage":"fr-FR","@id":"https:\/\/ergra-engelen.be\/fr\/#\/schema\/logo\/image\/","url":"https:\/\/ergra-engelen.be\/wp-content\/uploads\/2023\/07\/ERGRA_logo_black_rgb.png","contentUrl":"https:\/\/ergra-engelen.be\/wp-content\/uploads\/2023\/07\/ERGRA_logo_black_rgb.png","width":1500,"height":699,"caption":"Ergra Engelen"},"image":{"@id":"https:\/\/ergra-engelen.be\/fr\/#\/schema\/logo\/image\/"}}]}},"jetpack_sharing_enabled":true,"_links":{"self":[{"href":"https:\/\/ergra-engelen.be\/fr\/wp-json\/wp\/v2\/product\/22003","targetHints":{"allow":["GET"]}}],"collection":[{"href":"https:\/\/ergra-engelen.be\/fr\/wp-json\/wp\/v2\/product"}],"about":[{"href":"https:\/\/ergra-engelen.be\/fr\/wp-json\/wp\/v2\/types\/product"}],"wp:featuredmedia":[{"embeddable":true,"href":"https:\/\/ergra-engelen.be\/fr\/wp-json\/wp\/v2\/media\/33358"}],"wp:attachment":[{"href":"https:\/\/ergra-engelen.be\/fr\/wp-json\/wp\/v2\/media?parent=22003"}],"wp:term":[{"taxonomy":"product_brand","embeddable":true,"href":"https:\/\/ergra-engelen.be\/fr\/wp-json\/wp\/v2\/product_brand?post=22003"},{"taxonomy":"product_cat","embeddable":true,"href":"https:\/\/ergra-engelen.be\/fr\/wp-json\/wp\/v2\/product_cat?post=22003"},{"taxonomy":"product_tag","embeddable":true,"href":"https:\/\/ergra-engelen.be\/fr\/wp-json\/wp\/v2\/product_tag?post=22003"}],"curies":[{"name":"wp","href":"https:\/\/api.w.org\/{rel}","templated":true}]}}