{"id":20030,"date":"2023-11-02T09:46:16","date_gmt":"2023-11-02T09:46:16","guid":{"rendered":"https:\/\/ergra-engelen.be\/product\/clip-avec-filtre-medical-c1-pol-3\/"},"modified":"2023-11-02T13:02:44","modified_gmt":"2023-11-02T13:02:44","slug":"flip-up-avec-filtre-medical-c1-pol-3","status":"publish","type":"product","link":"https:\/\/ergra-engelen.be\/fr\/product\/flip-up-avec-filtre-medical-c1-pol-3\/","title":{"rendered":"Clip avec filtre m\u00e9dical C1 Pol 3"},"content":{"rendered":"","protected":false},"excerpt":{"rendered":"<ul>\n<li>Clip de Multilens avec filtre m\u00e9dical C1, gris polaris\u00e9 \u00e0 85%.<\/li>\n<li>Vous souffrez d&rsquo;\u00e9blouissement et\/ou d&rsquo;un manque de contraste ?<\/li>\n<li>\u00cates-vous sensible \u00e0 la lumi\u00e8re ?<\/li>\n<li>Ce filtre tr\u00e8s confortable et am\u00e9liorant le contraste ne convient pas seulement aux personnes malvoyantes.<\/li>\n<li>Le filtre ne provoque pas de distorsion des couleurs et convient aux personnes souffrant de cataracte, de glaucome et de d\u00e9g\u00e9n\u00e9rescence maculaire.<\/li>\n<li>Disponible : avec bord ou sans bord.<\/li>\n<li>Tailles:<\/li>\n<li>Medium sans bord: 54-43-14<\/li>\n<li>Medium avec bord: 51-37-19<\/li>\n<li>Large sans bord: 57-48-14<\/li>\n<li>Large avec bord: 51-44-19<\/li>\n<\/ul>\n","protected":false},"featured_media":20025,"template":"","meta":{"_exactmetrics_skip_tracking":false,"_exactmetrics_sitenote_active":false,"_exactmetrics_sitenote_note":"","_exactmetrics_sitenote_category":0},"product_brand":[],"product_cat":[126,140,141],"product_tag":[],"class_list":{"0":"post-20030","1":"product","2":"type-product","3":"status-publish","4":"has-post-thumbnail","6":"product_cat-je-suis-malvoyante","7":"product_cat-lunettes-a-filtre-medical","8":"product_cat-surlunettes-et-clips-a-filtre","10":"first","11":"instock","12":"taxable","13":"shipping-taxable","14":"purchasable","15":"product-type-variable","16":"has-default-attributes"},"yoast_head":"<!-- This site is optimized with the Yoast SEO plugin v27.3 - https:\/\/yoast.com\/product\/yoast-seo-wordpress\/ -->\n<title>Clip avec filtre m\u00e9dical C1 Pol 3 - Ergra Engelen<\/title>\n<meta name=\"robots\" content=\"index, follow, max-snippet:-1, max-image-preview:large, max-video-preview:-1\" \/>\n<link rel=\"canonical\" href=\"https:\/\/ergra-engelen.be\/fr\/product\/flip-up-avec-filtre-medical-c1-pol-3\/\" \/>\n<meta property=\"og:locale\" content=\"fr_FR\" \/>\n<meta property=\"og:type\" content=\"article\" \/>\n<meta property=\"og:title\" content=\"Clip avec filtre m\u00e9dical C1 Pol 3 - Ergra Engelen\" \/>\n<meta property=\"og:description\" content=\"Clip de Multilens avec filtre m\u00e9dical C1, gris polaris\u00e9 \u00e0 85%.  Vous souffrez d&#039;\u00e9blouissement et\/ou d&#039;un manque de contraste ?  \u00cates-vous sensible \u00e0 la lumi\u00e8re ?  Ce filtre tr\u00e8s confortable et am\u00e9liorant le contraste ne convient pas seulement aux personnes malvoyantes.  Le filtre ne provoque pas de distorsion des couleurs et convient aux personnes souffrant de cataracte, de glaucome et de d\u00e9g\u00e9n\u00e9rescence maculaire.  Disponible : avec bord ou sans bord.  Tailles:  Medium sans bord: 54-43-14  Medium avec bord: 51-37-19  Large sans bord: 57-48-14  Large avec bord: 51-44-19\" \/>\n<meta property=\"og:url\" content=\"https:\/\/ergra-engelen.be\/fr\/product\/flip-up-avec-filtre-medical-c1-pol-3\/\" \/>\n<meta property=\"og:site_name\" content=\"Ergra Engelen\" \/>\n<meta property=\"article:modified_time\" content=\"2023-11-02T13:02:44+00:00\" \/>\n<meta property=\"og:image\" content=\"https:\/\/ergra-engelen.be\/wp-content\/uploads\/2023\/11\/322275-FlipUp-C1-pol3-front.jpg\" \/>\n\t<meta property=\"og:image:width\" content=\"1000\" \/>\n\t<meta property=\"og:image:height\" content=\"1000\" \/>\n\t<meta property=\"og:image:type\" content=\"image\/jpeg\" \/>\n<meta name=\"twitter:card\" content=\"summary_large_image\" \/>\n<script type=\"application\/ld+json\" class=\"yoast-schema-graph\">{\"@context\":\"https:\\\/\\\/schema.org\",\"@graph\":[{\"@type\":\"WebPage\",\"@id\":\"https:\\\/\\\/ergra-engelen.be\\\/fr\\\/product\\\/flip-up-avec-filtre-medical-c1-pol-3\\\/\",\"url\":\"https:\\\/\\\/ergra-engelen.be\\\/fr\\\/product\\\/flip-up-avec-filtre-medical-c1-pol-3\\\/\",\"name\":\"Clip avec filtre m\u00e9dical C1 Pol 3 - Ergra Engelen\",\"isPartOf\":{\"@id\":\"https:\\\/\\\/ergra-engelen.be\\\/fr\\\/#website\"},\"primaryImageOfPage\":{\"@id\":\"https:\\\/\\\/ergra-engelen.be\\\/fr\\\/product\\\/flip-up-avec-filtre-medical-c1-pol-3\\\/#primaryimage\"},\"image\":{\"@id\":\"https:\\\/\\\/ergra-engelen.be\\\/fr\\\/product\\\/flip-up-avec-filtre-medical-c1-pol-3\\\/#primaryimage\"},\"thumbnailUrl\":\"https:\\\/\\\/ergra-engelen.be\\\/wp-content\\\/uploads\\\/2023\\\/11\\\/322275-FlipUp-C1-pol3-front.jpg\",\"datePublished\":\"2023-11-02T09:46:16+00:00\",\"dateModified\":\"2023-11-02T13:02:44+00:00\",\"breadcrumb\":{\"@id\":\"https:\\\/\\\/ergra-engelen.be\\\/fr\\\/product\\\/flip-up-avec-filtre-medical-c1-pol-3\\\/#breadcrumb\"},\"inLanguage\":\"fr-FR\",\"potentialAction\":[{\"@type\":\"ReadAction\",\"target\":[\"https:\\\/\\\/ergra-engelen.be\\\/fr\\\/product\\\/flip-up-avec-filtre-medical-c1-pol-3\\\/\"]}]},{\"@type\":\"ImageObject\",\"inLanguage\":\"fr-FR\",\"@id\":\"https:\\\/\\\/ergra-engelen.be\\\/fr\\\/product\\\/flip-up-avec-filtre-medical-c1-pol-3\\\/#primaryimage\",\"url\":\"https:\\\/\\\/ergra-engelen.be\\\/wp-content\\\/uploads\\\/2023\\\/11\\\/322275-FlipUp-C1-pol3-front.jpg\",\"contentUrl\":\"https:\\\/\\\/ergra-engelen.be\\\/wp-content\\\/uploads\\\/2023\\\/11\\\/322275-FlipUp-C1-pol3-front.jpg\",\"width\":1000,\"height\":1000,\"caption\":\"Multilens-322275 - FlipUp - C1 - pol3\"},{\"@type\":\"BreadcrumbList\",\"@id\":\"https:\\\/\\\/ergra-engelen.be\\\/fr\\\/product\\\/flip-up-avec-filtre-medical-c1-pol-3\\\/#breadcrumb\",\"itemListElement\":[{\"@type\":\"ListItem\",\"position\":1,\"name\":\"Maison\",\"item\":\"https:\\\/\\\/ergra-engelen.be\\\/fr\\\/\"},{\"@type\":\"ListItem\",\"position\":2,\"name\":\"Boutique en ligne\",\"item\":\"https:\\\/\\\/ergra-engelen.be\\\/fr\\\/boutique-en-ligne-ergra-engelen-low-vision\\\/\"},{\"@type\":\"ListItem\",\"position\":3,\"name\":\"Clip avec filtre m\u00e9dical C1 Pol 3\"}]},{\"@type\":\"WebSite\",\"@id\":\"https:\\\/\\\/ergra-engelen.be\\\/fr\\\/#website\",\"url\":\"https:\\\/\\\/ergra-engelen.be\\\/fr\\\/\",\"name\":\"Ergra Engelen\",\"description\":\"Le meilleur sous une meilleure vue\",\"publisher\":{\"@id\":\"https:\\\/\\\/ergra-engelen.be\\\/fr\\\/#organization\"},\"potentialAction\":[{\"@type\":\"SearchAction\",\"target\":{\"@type\":\"EntryPoint\",\"urlTemplate\":\"https:\\\/\\\/ergra-engelen.be\\\/fr\\\/?s={search_term_string}\"},\"query-input\":{\"@type\":\"PropertyValueSpecification\",\"valueRequired\":true,\"valueName\":\"search_term_string\"}}],\"inLanguage\":\"fr-FR\"},{\"@type\":\"Organization\",\"@id\":\"https:\\\/\\\/ergra-engelen.be\\\/fr\\\/#organization\",\"name\":\"Ergra Engelen\",\"url\":\"https:\\\/\\\/ergra-engelen.be\\\/fr\\\/\",\"logo\":{\"@type\":\"ImageObject\",\"inLanguage\":\"fr-FR\",\"@id\":\"https:\\\/\\\/ergra-engelen.be\\\/fr\\\/#\\\/schema\\\/logo\\\/image\\\/\",\"url\":\"https:\\\/\\\/ergra-engelen.be\\\/wp-content\\\/uploads\\\/2023\\\/07\\\/ERGRA_logo_black_rgb.png\",\"contentUrl\":\"https:\\\/\\\/ergra-engelen.be\\\/wp-content\\\/uploads\\\/2023\\\/07\\\/ERGRA_logo_black_rgb.png\",\"width\":1500,\"height\":699,\"caption\":\"Ergra Engelen\"},\"image\":{\"@id\":\"https:\\\/\\\/ergra-engelen.be\\\/fr\\\/#\\\/schema\\\/logo\\\/image\\\/\"}}]}<\/script>\n<!-- \/ Yoast SEO plugin. -->","yoast_head_json":{"title":"Clip avec filtre m\u00e9dical C1 Pol 3 - Ergra Engelen","robots":{"index":"index","follow":"follow","max-snippet":"max-snippet:-1","max-image-preview":"max-image-preview:large","max-video-preview":"max-video-preview:-1"},"canonical":"https:\/\/ergra-engelen.be\/fr\/product\/flip-up-avec-filtre-medical-c1-pol-3\/","og_locale":"fr_FR","og_type":"article","og_title":"Clip avec filtre m\u00e9dical C1 Pol 3 - Ergra Engelen","og_description":"Clip de Multilens avec filtre m\u00e9dical C1, gris polaris\u00e9 \u00e0 85%.  Vous souffrez d'\u00e9blouissement et\/ou d'un manque de contraste ?  \u00cates-vous sensible \u00e0 la lumi\u00e8re ?  Ce filtre tr\u00e8s confortable et am\u00e9liorant le contraste ne convient pas seulement aux personnes malvoyantes.  Le filtre ne provoque pas de distorsion des couleurs et convient aux personnes souffrant de cataracte, de glaucome et de d\u00e9g\u00e9n\u00e9rescence maculaire.  Disponible : avec bord ou sans bord.  Tailles:  Medium sans bord: 54-43-14  Medium avec bord: 51-37-19  Large sans bord: 57-48-14  Large avec bord: 51-44-19","og_url":"https:\/\/ergra-engelen.be\/fr\/product\/flip-up-avec-filtre-medical-c1-pol-3\/","og_site_name":"Ergra Engelen","article_modified_time":"2023-11-02T13:02:44+00:00","og_image":[{"width":1000,"height":1000,"url":"https:\/\/ergra-engelen.be\/wp-content\/uploads\/2023\/11\/322275-FlipUp-C1-pol3-front.jpg","type":"image\/jpeg"}],"twitter_card":"summary_large_image","schema":{"@context":"https:\/\/schema.org","@graph":[{"@type":"WebPage","@id":"https:\/\/ergra-engelen.be\/fr\/product\/flip-up-avec-filtre-medical-c1-pol-3\/","url":"https:\/\/ergra-engelen.be\/fr\/product\/flip-up-avec-filtre-medical-c1-pol-3\/","name":"Clip avec filtre m\u00e9dical C1 Pol 3 - Ergra Engelen","isPartOf":{"@id":"https:\/\/ergra-engelen.be\/fr\/#website"},"primaryImageOfPage":{"@id":"https:\/\/ergra-engelen.be\/fr\/product\/flip-up-avec-filtre-medical-c1-pol-3\/#primaryimage"},"image":{"@id":"https:\/\/ergra-engelen.be\/fr\/product\/flip-up-avec-filtre-medical-c1-pol-3\/#primaryimage"},"thumbnailUrl":"https:\/\/ergra-engelen.be\/wp-content\/uploads\/2023\/11\/322275-FlipUp-C1-pol3-front.jpg","datePublished":"2023-11-02T09:46:16+00:00","dateModified":"2023-11-02T13:02:44+00:00","breadcrumb":{"@id":"https:\/\/ergra-engelen.be\/fr\/product\/flip-up-avec-filtre-medical-c1-pol-3\/#breadcrumb"},"inLanguage":"fr-FR","potentialAction":[{"@type":"ReadAction","target":["https:\/\/ergra-engelen.be\/fr\/product\/flip-up-avec-filtre-medical-c1-pol-3\/"]}]},{"@type":"ImageObject","inLanguage":"fr-FR","@id":"https:\/\/ergra-engelen.be\/fr\/product\/flip-up-avec-filtre-medical-c1-pol-3\/#primaryimage","url":"https:\/\/ergra-engelen.be\/wp-content\/uploads\/2023\/11\/322275-FlipUp-C1-pol3-front.jpg","contentUrl":"https:\/\/ergra-engelen.be\/wp-content\/uploads\/2023\/11\/322275-FlipUp-C1-pol3-front.jpg","width":1000,"height":1000,"caption":"Multilens-322275 - FlipUp - C1 - pol3"},{"@type":"BreadcrumbList","@id":"https:\/\/ergra-engelen.be\/fr\/product\/flip-up-avec-filtre-medical-c1-pol-3\/#breadcrumb","itemListElement":[{"@type":"ListItem","position":1,"name":"Maison","item":"https:\/\/ergra-engelen.be\/fr\/"},{"@type":"ListItem","position":2,"name":"Boutique en ligne","item":"https:\/\/ergra-engelen.be\/fr\/boutique-en-ligne-ergra-engelen-low-vision\/"},{"@type":"ListItem","position":3,"name":"Clip avec filtre m\u00e9dical C1 Pol 3"}]},{"@type":"WebSite","@id":"https:\/\/ergra-engelen.be\/fr\/#website","url":"https:\/\/ergra-engelen.be\/fr\/","name":"Ergra Engelen","description":"Le meilleur sous une meilleure vue","publisher":{"@id":"https:\/\/ergra-engelen.be\/fr\/#organization"},"potentialAction":[{"@type":"SearchAction","target":{"@type":"EntryPoint","urlTemplate":"https:\/\/ergra-engelen.be\/fr\/?s={search_term_string}"},"query-input":{"@type":"PropertyValueSpecification","valueRequired":true,"valueName":"search_term_string"}}],"inLanguage":"fr-FR"},{"@type":"Organization","@id":"https:\/\/ergra-engelen.be\/fr\/#organization","name":"Ergra Engelen","url":"https:\/\/ergra-engelen.be\/fr\/","logo":{"@type":"ImageObject","inLanguage":"fr-FR","@id":"https:\/\/ergra-engelen.be\/fr\/#\/schema\/logo\/image\/","url":"https:\/\/ergra-engelen.be\/wp-content\/uploads\/2023\/07\/ERGRA_logo_black_rgb.png","contentUrl":"https:\/\/ergra-engelen.be\/wp-content\/uploads\/2023\/07\/ERGRA_logo_black_rgb.png","width":1500,"height":699,"caption":"Ergra Engelen"},"image":{"@id":"https:\/\/ergra-engelen.be\/fr\/#\/schema\/logo\/image\/"}}]}},"jetpack_sharing_enabled":true,"_links":{"self":[{"href":"https:\/\/ergra-engelen.be\/fr\/wp-json\/wp\/v2\/product\/20030","targetHints":{"allow":["GET"]}}],"collection":[{"href":"https:\/\/ergra-engelen.be\/fr\/wp-json\/wp\/v2\/product"}],"about":[{"href":"https:\/\/ergra-engelen.be\/fr\/wp-json\/wp\/v2\/types\/product"}],"wp:featuredmedia":[{"embeddable":true,"href":"https:\/\/ergra-engelen.be\/fr\/wp-json\/wp\/v2\/media\/20025"}],"wp:attachment":[{"href":"https:\/\/ergra-engelen.be\/fr\/wp-json\/wp\/v2\/media?parent=20030"}],"wp:term":[{"taxonomy":"product_brand","embeddable":true,"href":"https:\/\/ergra-engelen.be\/fr\/wp-json\/wp\/v2\/product_brand?post=20030"},{"taxonomy":"product_cat","embeddable":true,"href":"https:\/\/ergra-engelen.be\/fr\/wp-json\/wp\/v2\/product_cat?post=20030"},{"taxonomy":"product_tag","embeddable":true,"href":"https:\/\/ergra-engelen.be\/fr\/wp-json\/wp\/v2\/product_tag?post=20030"}],"curies":[{"name":"wp","href":"https:\/\/api.w.org\/{rel}","templated":true}]}}