{"id":19966,"date":"2023-10-31T14:58:46","date_gmt":"2023-10-31T14:58:46","guid":{"rendered":"https:\/\/ergra-engelen.be\/product\/clip-avec-filtre-medical-585-pol-1\/"},"modified":"2023-10-31T14:58:46","modified_gmt":"2023-10-31T14:58:46","slug":"flip-up-avec-filtre-medical-585-pol-1","status":"publish","type":"product","link":"https:\/\/ergra-engelen.be\/fr\/product\/flip-up-avec-filtre-medical-585-pol-1\/","title":{"rendered":"Clip avec filtre m\u00e9dical 585 Pol 1"},"content":{"rendered":"","protected":false},"excerpt":{"rendered":"<ul>\n<li>Clip de Multilens avec filtre m\u00e9dical 585, gris polaris\u00e9 \u00e0 65%.<\/li>\n<li>\u00cates-vous compl\u00e8tement photophobe ?<\/li>\n<li>Vous ne supportez pas la lumi\u00e8re ?<\/li>\n<li>Il s&rsquo;agit d&rsquo;un filtre souvent utilis\u00e9 pour les maladies g\u00e9n\u00e9tiques.<\/li>\n<li>Ce filtre convient aux personnes atteintes de r\u00e9tinite pigmentaire, d&rsquo;albinisme et d&rsquo;achromatopsie.<\/li>\n<li>Ce filtre m\u00e9dical absorbe compl\u00e8tement les fr\u00e9quences de la lumi\u00e8re bleue et verte.<\/li>\n<li>Disponible : avec bord ou sans bord.<\/li>\n<li>Tailles:<\/li>\n<li>Medium sans bord: 54-43-14<\/li>\n<li>Medium avec bord: 51-37-19<\/li>\n<li>Large sans bord: 57-48-14<\/li>\n<li>Large avec bord: 51-44-19<\/li>\n<\/ul>\n","protected":false},"featured_media":19961,"template":"","meta":{"_exactmetrics_skip_tracking":false,"_exactmetrics_sitenote_active":false,"_exactmetrics_sitenote_note":"","_exactmetrics_sitenote_category":0},"product_brand":[],"product_cat":[126,140,141],"product_tag":[],"class_list":{"0":"post-19966","1":"product","2":"type-product","3":"status-publish","4":"has-post-thumbnail","6":"product_cat-je-suis-malvoyante","7":"product_cat-lunettes-a-filtre-medical","8":"product_cat-surlunettes-et-clips-a-filtre","10":"first","11":"instock","12":"taxable","13":"shipping-taxable","14":"purchasable","15":"product-type-variable","16":"has-default-attributes"},"yoast_head":"<!-- This site is optimized with the Yoast SEO plugin v27.3 - https:\/\/yoast.com\/product\/yoast-seo-wordpress\/ -->\n<title>Clip avec filtre m\u00e9dical 585 Pol 1 - Ergra Engelen<\/title>\n<meta name=\"robots\" content=\"index, follow, max-snippet:-1, max-image-preview:large, max-video-preview:-1\" \/>\n<link rel=\"canonical\" href=\"https:\/\/ergra-engelen.be\/fr\/product\/flip-up-avec-filtre-medical-585-pol-1\/\" \/>\n<meta property=\"og:locale\" content=\"fr_FR\" \/>\n<meta property=\"og:type\" content=\"article\" \/>\n<meta property=\"og:title\" content=\"Clip avec filtre m\u00e9dical 585 Pol 1 - Ergra Engelen\" \/>\n<meta property=\"og:description\" content=\"Clip de Multilens avec filtre m\u00e9dical 585, gris polaris\u00e9 \u00e0 65%.  \u00cates-vous compl\u00e8tement photophobe ?  Vous ne supportez pas la lumi\u00e8re ?  Il s&#039;agit d&#039;un filtre souvent utilis\u00e9 pour les maladies g\u00e9n\u00e9tiques.  Ce filtre convient aux personnes atteintes de r\u00e9tinite pigmentaire, d&#039;albinisme et d&#039;achromatopsie.  Ce filtre m\u00e9dical absorbe compl\u00e8tement les fr\u00e9quences de la lumi\u00e8re bleue et verte.  Disponible : avec bord ou sans bord.  Tailles:  Medium sans bord: 54-43-14  Medium avec bord: 51-37-19  Large sans bord: 57-48-14  Large avec bord: 51-44-19\" \/>\n<meta property=\"og:url\" content=\"https:\/\/ergra-engelen.be\/fr\/product\/flip-up-avec-filtre-medical-585-pol-1\/\" \/>\n<meta property=\"og:site_name\" content=\"Ergra Engelen\" \/>\n<meta property=\"og:image\" content=\"https:\/\/ergra-engelen.be\/wp-content\/uploads\/2023\/10\/322272-FlipUp-585-pol1-front.jpg\" \/>\n\t<meta property=\"og:image:width\" content=\"1000\" \/>\n\t<meta property=\"og:image:height\" content=\"1000\" \/>\n\t<meta property=\"og:image:type\" content=\"image\/jpeg\" \/>\n<meta name=\"twitter:card\" content=\"summary_large_image\" \/>\n<script type=\"application\/ld+json\" class=\"yoast-schema-graph\">{\"@context\":\"https:\\\/\\\/schema.org\",\"@graph\":[{\"@type\":\"WebPage\",\"@id\":\"https:\\\/\\\/ergra-engelen.be\\\/fr\\\/product\\\/flip-up-avec-filtre-medical-585-pol-1\\\/\",\"url\":\"https:\\\/\\\/ergra-engelen.be\\\/fr\\\/product\\\/flip-up-avec-filtre-medical-585-pol-1\\\/\",\"name\":\"Clip avec filtre m\u00e9dical 585 Pol 1 - Ergra Engelen\",\"isPartOf\":{\"@id\":\"https:\\\/\\\/ergra-engelen.be\\\/fr\\\/#website\"},\"primaryImageOfPage\":{\"@id\":\"https:\\\/\\\/ergra-engelen.be\\\/fr\\\/product\\\/flip-up-avec-filtre-medical-585-pol-1\\\/#primaryimage\"},\"image\":{\"@id\":\"https:\\\/\\\/ergra-engelen.be\\\/fr\\\/product\\\/flip-up-avec-filtre-medical-585-pol-1\\\/#primaryimage\"},\"thumbnailUrl\":\"https:\\\/\\\/ergra-engelen.be\\\/wp-content\\\/uploads\\\/2023\\\/10\\\/322272-FlipUp-585-pol1-front.jpg\",\"datePublished\":\"2023-10-31T14:58:46+00:00\",\"breadcrumb\":{\"@id\":\"https:\\\/\\\/ergra-engelen.be\\\/fr\\\/product\\\/flip-up-avec-filtre-medical-585-pol-1\\\/#breadcrumb\"},\"inLanguage\":\"fr-FR\",\"potentialAction\":[{\"@type\":\"ReadAction\",\"target\":[\"https:\\\/\\\/ergra-engelen.be\\\/fr\\\/product\\\/flip-up-avec-filtre-medical-585-pol-1\\\/\"]}]},{\"@type\":\"ImageObject\",\"inLanguage\":\"fr-FR\",\"@id\":\"https:\\\/\\\/ergra-engelen.be\\\/fr\\\/product\\\/flip-up-avec-filtre-medical-585-pol-1\\\/#primaryimage\",\"url\":\"https:\\\/\\\/ergra-engelen.be\\\/wp-content\\\/uploads\\\/2023\\\/10\\\/322272-FlipUp-585-pol1-front.jpg\",\"contentUrl\":\"https:\\\/\\\/ergra-engelen.be\\\/wp-content\\\/uploads\\\/2023\\\/10\\\/322272-FlipUp-585-pol1-front.jpg\",\"width\":1000,\"height\":1000,\"caption\":\"Multilens-322272 - FlipUp - 585 - pol1\"},{\"@type\":\"BreadcrumbList\",\"@id\":\"https:\\\/\\\/ergra-engelen.be\\\/fr\\\/product\\\/flip-up-avec-filtre-medical-585-pol-1\\\/#breadcrumb\",\"itemListElement\":[{\"@type\":\"ListItem\",\"position\":1,\"name\":\"Maison\",\"item\":\"https:\\\/\\\/ergra-engelen.be\\\/fr\\\/\"},{\"@type\":\"ListItem\",\"position\":2,\"name\":\"Boutique en ligne\",\"item\":\"https:\\\/\\\/ergra-engelen.be\\\/fr\\\/boutique-en-ligne-ergra-engelen-low-vision\\\/\"},{\"@type\":\"ListItem\",\"position\":3,\"name\":\"Clip avec filtre m\u00e9dical 585 Pol 1\"}]},{\"@type\":\"WebSite\",\"@id\":\"https:\\\/\\\/ergra-engelen.be\\\/fr\\\/#website\",\"url\":\"https:\\\/\\\/ergra-engelen.be\\\/fr\\\/\",\"name\":\"Ergra Engelen\",\"description\":\"Le meilleur sous une meilleure vue\",\"publisher\":{\"@id\":\"https:\\\/\\\/ergra-engelen.be\\\/fr\\\/#organization\"},\"potentialAction\":[{\"@type\":\"SearchAction\",\"target\":{\"@type\":\"EntryPoint\",\"urlTemplate\":\"https:\\\/\\\/ergra-engelen.be\\\/fr\\\/?s={search_term_string}\"},\"query-input\":{\"@type\":\"PropertyValueSpecification\",\"valueRequired\":true,\"valueName\":\"search_term_string\"}}],\"inLanguage\":\"fr-FR\"},{\"@type\":\"Organization\",\"@id\":\"https:\\\/\\\/ergra-engelen.be\\\/fr\\\/#organization\",\"name\":\"Ergra Engelen\",\"url\":\"https:\\\/\\\/ergra-engelen.be\\\/fr\\\/\",\"logo\":{\"@type\":\"ImageObject\",\"inLanguage\":\"fr-FR\",\"@id\":\"https:\\\/\\\/ergra-engelen.be\\\/fr\\\/#\\\/schema\\\/logo\\\/image\\\/\",\"url\":\"https:\\\/\\\/ergra-engelen.be\\\/wp-content\\\/uploads\\\/2023\\\/07\\\/ERGRA_logo_black_rgb.png\",\"contentUrl\":\"https:\\\/\\\/ergra-engelen.be\\\/wp-content\\\/uploads\\\/2023\\\/07\\\/ERGRA_logo_black_rgb.png\",\"width\":1500,\"height\":699,\"caption\":\"Ergra Engelen\"},\"image\":{\"@id\":\"https:\\\/\\\/ergra-engelen.be\\\/fr\\\/#\\\/schema\\\/logo\\\/image\\\/\"}}]}<\/script>\n<!-- \/ Yoast SEO plugin. -->","yoast_head_json":{"title":"Clip avec filtre m\u00e9dical 585 Pol 1 - Ergra Engelen","robots":{"index":"index","follow":"follow","max-snippet":"max-snippet:-1","max-image-preview":"max-image-preview:large","max-video-preview":"max-video-preview:-1"},"canonical":"https:\/\/ergra-engelen.be\/fr\/product\/flip-up-avec-filtre-medical-585-pol-1\/","og_locale":"fr_FR","og_type":"article","og_title":"Clip avec filtre m\u00e9dical 585 Pol 1 - Ergra Engelen","og_description":"Clip de Multilens avec filtre m\u00e9dical 585, gris polaris\u00e9 \u00e0 65%.  \u00cates-vous compl\u00e8tement photophobe ?  Vous ne supportez pas la lumi\u00e8re ?  Il s'agit d'un filtre souvent utilis\u00e9 pour les maladies g\u00e9n\u00e9tiques.  Ce filtre convient aux personnes atteintes de r\u00e9tinite pigmentaire, d'albinisme et d'achromatopsie.  Ce filtre m\u00e9dical absorbe compl\u00e8tement les fr\u00e9quences de la lumi\u00e8re bleue et verte.  Disponible : avec bord ou sans bord.  Tailles:  Medium sans bord: 54-43-14  Medium avec bord: 51-37-19  Large sans bord: 57-48-14  Large avec bord: 51-44-19","og_url":"https:\/\/ergra-engelen.be\/fr\/product\/flip-up-avec-filtre-medical-585-pol-1\/","og_site_name":"Ergra Engelen","og_image":[{"width":1000,"height":1000,"url":"https:\/\/ergra-engelen.be\/wp-content\/uploads\/2023\/10\/322272-FlipUp-585-pol1-front.jpg","type":"image\/jpeg"}],"twitter_card":"summary_large_image","schema":{"@context":"https:\/\/schema.org","@graph":[{"@type":"WebPage","@id":"https:\/\/ergra-engelen.be\/fr\/product\/flip-up-avec-filtre-medical-585-pol-1\/","url":"https:\/\/ergra-engelen.be\/fr\/product\/flip-up-avec-filtre-medical-585-pol-1\/","name":"Clip avec filtre m\u00e9dical 585 Pol 1 - Ergra Engelen","isPartOf":{"@id":"https:\/\/ergra-engelen.be\/fr\/#website"},"primaryImageOfPage":{"@id":"https:\/\/ergra-engelen.be\/fr\/product\/flip-up-avec-filtre-medical-585-pol-1\/#primaryimage"},"image":{"@id":"https:\/\/ergra-engelen.be\/fr\/product\/flip-up-avec-filtre-medical-585-pol-1\/#primaryimage"},"thumbnailUrl":"https:\/\/ergra-engelen.be\/wp-content\/uploads\/2023\/10\/322272-FlipUp-585-pol1-front.jpg","datePublished":"2023-10-31T14:58:46+00:00","breadcrumb":{"@id":"https:\/\/ergra-engelen.be\/fr\/product\/flip-up-avec-filtre-medical-585-pol-1\/#breadcrumb"},"inLanguage":"fr-FR","potentialAction":[{"@type":"ReadAction","target":["https:\/\/ergra-engelen.be\/fr\/product\/flip-up-avec-filtre-medical-585-pol-1\/"]}]},{"@type":"ImageObject","inLanguage":"fr-FR","@id":"https:\/\/ergra-engelen.be\/fr\/product\/flip-up-avec-filtre-medical-585-pol-1\/#primaryimage","url":"https:\/\/ergra-engelen.be\/wp-content\/uploads\/2023\/10\/322272-FlipUp-585-pol1-front.jpg","contentUrl":"https:\/\/ergra-engelen.be\/wp-content\/uploads\/2023\/10\/322272-FlipUp-585-pol1-front.jpg","width":1000,"height":1000,"caption":"Multilens-322272 - FlipUp - 585 - pol1"},{"@type":"BreadcrumbList","@id":"https:\/\/ergra-engelen.be\/fr\/product\/flip-up-avec-filtre-medical-585-pol-1\/#breadcrumb","itemListElement":[{"@type":"ListItem","position":1,"name":"Maison","item":"https:\/\/ergra-engelen.be\/fr\/"},{"@type":"ListItem","position":2,"name":"Boutique en ligne","item":"https:\/\/ergra-engelen.be\/fr\/boutique-en-ligne-ergra-engelen-low-vision\/"},{"@type":"ListItem","position":3,"name":"Clip avec filtre m\u00e9dical 585 Pol 1"}]},{"@type":"WebSite","@id":"https:\/\/ergra-engelen.be\/fr\/#website","url":"https:\/\/ergra-engelen.be\/fr\/","name":"Ergra Engelen","description":"Le meilleur sous une meilleure vue","publisher":{"@id":"https:\/\/ergra-engelen.be\/fr\/#organization"},"potentialAction":[{"@type":"SearchAction","target":{"@type":"EntryPoint","urlTemplate":"https:\/\/ergra-engelen.be\/fr\/?s={search_term_string}"},"query-input":{"@type":"PropertyValueSpecification","valueRequired":true,"valueName":"search_term_string"}}],"inLanguage":"fr-FR"},{"@type":"Organization","@id":"https:\/\/ergra-engelen.be\/fr\/#organization","name":"Ergra Engelen","url":"https:\/\/ergra-engelen.be\/fr\/","logo":{"@type":"ImageObject","inLanguage":"fr-FR","@id":"https:\/\/ergra-engelen.be\/fr\/#\/schema\/logo\/image\/","url":"https:\/\/ergra-engelen.be\/wp-content\/uploads\/2023\/07\/ERGRA_logo_black_rgb.png","contentUrl":"https:\/\/ergra-engelen.be\/wp-content\/uploads\/2023\/07\/ERGRA_logo_black_rgb.png","width":1500,"height":699,"caption":"Ergra Engelen"},"image":{"@id":"https:\/\/ergra-engelen.be\/fr\/#\/schema\/logo\/image\/"}}]}},"jetpack_sharing_enabled":true,"_links":{"self":[{"href":"https:\/\/ergra-engelen.be\/fr\/wp-json\/wp\/v2\/product\/19966","targetHints":{"allow":["GET"]}}],"collection":[{"href":"https:\/\/ergra-engelen.be\/fr\/wp-json\/wp\/v2\/product"}],"about":[{"href":"https:\/\/ergra-engelen.be\/fr\/wp-json\/wp\/v2\/types\/product"}],"wp:featuredmedia":[{"embeddable":true,"href":"https:\/\/ergra-engelen.be\/fr\/wp-json\/wp\/v2\/media\/19961"}],"wp:attachment":[{"href":"https:\/\/ergra-engelen.be\/fr\/wp-json\/wp\/v2\/media?parent=19966"}],"wp:term":[{"taxonomy":"product_brand","embeddable":true,"href":"https:\/\/ergra-engelen.be\/fr\/wp-json\/wp\/v2\/product_brand?post=19966"},{"taxonomy":"product_cat","embeddable":true,"href":"https:\/\/ergra-engelen.be\/fr\/wp-json\/wp\/v2\/product_cat?post=19966"},{"taxonomy":"product_tag","embeddable":true,"href":"https:\/\/ergra-engelen.be\/fr\/wp-json\/wp\/v2\/product_tag?post=19966"}],"curies":[{"name":"wp","href":"https:\/\/api.w.org\/{rel}","templated":true}]}}