{"id":19242,"date":"2023-10-05T09:52:55","date_gmt":"2023-10-05T09:52:55","guid":{"rendered":"https:\/\/ergra-engelen.be\/product\/schweizer-emag-43-hd\/"},"modified":"2023-10-06T08:40:17","modified_gmt":"2023-10-06T08:40:17","slug":"schweizer-emag-43-hd","status":"publish","type":"product","link":"https:\/\/ergra-engelen.be\/fr\/product\/schweizer-emag-43-hd\/","title":{"rendered":"Schweizer Emag 43 HD"},"content":{"rendered":"<p>&nbsp;<\/p>\n<p><strong> Documentation<\/strong><\/p>\n<p>&nbsp;<\/p>\n<p><iframe title=\"YouTube video player\" src=\"https:\/\/www.youtube.com\/embed\/GyXyTHy9NK8?si=3xigkNa7e0ljLkQU\" width=\"100%\" height=\"515\" frameborder=\"0\" allowfullscreen=\"allowfullscreen\"><span data-mce-type=\"bookmark\" style=\"display: inline-block; width: 0px; overflow: hidden; line-height: 0;\" class=\"mce_SELRES_start\">\ufeff<\/span><\/iframe><\/p>\n","protected":false},"excerpt":{"rendered":"<p>SCHWEIZER EMAG 43 HD LOUPE \u00c9LECTRONIQUE<\/p>\n<ul>\n<li>Loupe vid\u00e9o \u00e9lectronique de haute qualit\u00e9 de Schweizer.<\/li>\n<li>Diff\u00e9rentes options d&rsquo;affichage : couleur, noir sur blanc, blanc sur noir, jaune sur bleu, jaune sur noir + 15 options de contraste suppl\u00e9mentaires.<\/li>\n<li>Grossissement : cam\u00e9ra autofocus HD de 1,6x \u00e0 14x<\/li>\n<li>Poids : 228 grammes.<\/li>\n<li>\u00c9cran : \u00e9cran LCD 4,3 pouces 16:9<\/li>\n<li>Dimensions : 126x75x37mm (pli\u00e9)<\/li>\n<li>Batterie : 4 piles rechargeables AAA NiMH (environ 2 heures de temps de charge)<\/li>\n<li>Plus net &#8211; Diff\u00e9rentes options de couleurs d&rsquo;\u00e9cran &#8211; Instantan\u00e9 (80 images peuvent \u00eatre enregistr\u00e9es et export\u00e9es via USB) &#8211; Ligne de lecture et masquage de texte r\u00e9glables.<\/li>\n<li>Y inclus: \u00e9tui avec passant de ceinture et dragonne &#8211; Dragonne poignet &#8211; Adaptateur d&rsquo;alimentation &#8211; C\u00e2ble USB &#8211;<\/li>\n<\/ul>\n","protected":false},"featured_media":19272,"template":"","meta":{"_exactmetrics_skip_tracking":false,"_exactmetrics_sitenote_active":false,"_exactmetrics_sitenote_note":"","_exactmetrics_sitenote_category":0},"product_brand":[],"product_cat":[126,143],"product_tag":[],"class_list":{"0":"post-19242","1":"product","2":"type-product","3":"status-publish","4":"has-post-thumbnail","6":"product_cat-je-suis-malvoyante","7":"product_cat-loupes-decran","9":"first","10":"instock","11":"taxable","12":"shipping-taxable","13":"purchasable","14":"product-type-simple"},"yoast_head":"<!-- This site is optimized with the Yoast SEO plugin v27.3 - https:\/\/yoast.com\/product\/yoast-seo-wordpress\/ -->\n<title>Schweizer Emag 43 HD - Ergra Engelen<\/title>\n<meta name=\"robots\" content=\"index, follow, max-snippet:-1, max-image-preview:large, max-video-preview:-1\" \/>\n<link rel=\"canonical\" href=\"https:\/\/ergra-engelen.be\/fr\/product\/schweizer-emag-43-hd\/\" \/>\n<meta property=\"og:locale\" content=\"fr_FR\" \/>\n<meta property=\"og:type\" content=\"article\" \/>\n<meta property=\"og:title\" content=\"Schweizer Emag 43 HD - Ergra Engelen\" \/>\n<meta property=\"og:description\" content=\"SCHWEIZER EMAG 43 HD LOUPE \u00c9LECTRONIQUE   Loupe vid\u00e9o \u00e9lectronique de haute qualit\u00e9 de Schweizer.  Diff\u00e9rentes options d&#039;affichage : couleur, noir sur blanc, blanc sur noir, jaune sur bleu, jaune sur noir + 15 options de contraste suppl\u00e9mentaires.  Grossissement : cam\u00e9ra autofocus HD de 1,6x \u00e0 14x  Poids : 228 grammes.  \u00c9cran : \u00e9cran LCD 4,3 pouces 16:9  Dimensions : 126x75x37mm (pli\u00e9)  Batterie : 4 piles rechargeables AAA NiMH (environ 2 heures de temps de charge)  Plus net - Diff\u00e9rentes options de couleurs d&#039;\u00e9cran - Instantan\u00e9 (80 images peuvent \u00eatre enregistr\u00e9es et export\u00e9es via USB) - Ligne de lecture et masquage de texte r\u00e9glables.  Y inclus: \u00e9tui avec passant de ceinture et dragonne - Dragonne poignet - Adaptateur d&#039;alimentation - C\u00e2ble USB -\" \/>\n<meta property=\"og:url\" content=\"https:\/\/ergra-engelen.be\/fr\/product\/schweizer-emag-43-hd\/\" \/>\n<meta property=\"og:site_name\" content=\"Ergra Engelen\" \/>\n<meta property=\"article:modified_time\" content=\"2023-10-06T08:40:17+00:00\" \/>\n<meta property=\"og:image\" content=\"https:\/\/ergra-engelen.be\/wp-content\/uploads\/2023\/10\/544002-Emag-43-HD-1.jpg\" \/>\n\t<meta property=\"og:image:width\" content=\"1000\" \/>\n\t<meta property=\"og:image:height\" content=\"1000\" \/>\n\t<meta property=\"og:image:type\" content=\"image\/jpeg\" \/>\n<meta name=\"twitter:card\" content=\"summary_large_image\" \/>\n<meta name=\"twitter:label1\" content=\"Dur\u00e9e de lecture estim\u00e9e\" \/>\n\t<meta name=\"twitter:data1\" content=\"1 minute\" \/>\n<script type=\"application\/ld+json\" class=\"yoast-schema-graph\">{\"@context\":\"https:\\\/\\\/schema.org\",\"@graph\":[{\"@type\":\"WebPage\",\"@id\":\"https:\\\/\\\/ergra-engelen.be\\\/fr\\\/product\\\/schweizer-emag-43-hd\\\/\",\"url\":\"https:\\\/\\\/ergra-engelen.be\\\/fr\\\/product\\\/schweizer-emag-43-hd\\\/\",\"name\":\"Schweizer Emag 43 HD - Ergra Engelen\",\"isPartOf\":{\"@id\":\"https:\\\/\\\/ergra-engelen.be\\\/fr\\\/#website\"},\"primaryImageOfPage\":{\"@id\":\"https:\\\/\\\/ergra-engelen.be\\\/fr\\\/product\\\/schweizer-emag-43-hd\\\/#primaryimage\"},\"image\":{\"@id\":\"https:\\\/\\\/ergra-engelen.be\\\/fr\\\/product\\\/schweizer-emag-43-hd\\\/#primaryimage\"},\"thumbnailUrl\":\"https:\\\/\\\/ergra-engelen.be\\\/wp-content\\\/uploads\\\/2023\\\/10\\\/544002-Emag-43-HD-1.jpg\",\"datePublished\":\"2023-10-05T09:52:55+00:00\",\"dateModified\":\"2023-10-06T08:40:17+00:00\",\"breadcrumb\":{\"@id\":\"https:\\\/\\\/ergra-engelen.be\\\/fr\\\/product\\\/schweizer-emag-43-hd\\\/#breadcrumb\"},\"inLanguage\":\"fr-FR\",\"potentialAction\":[{\"@type\":\"ReadAction\",\"target\":[\"https:\\\/\\\/ergra-engelen.be\\\/fr\\\/product\\\/schweizer-emag-43-hd\\\/\"]}]},{\"@type\":\"ImageObject\",\"inLanguage\":\"fr-FR\",\"@id\":\"https:\\\/\\\/ergra-engelen.be\\\/fr\\\/product\\\/schweizer-emag-43-hd\\\/#primaryimage\",\"url\":\"https:\\\/\\\/ergra-engelen.be\\\/wp-content\\\/uploads\\\/2023\\\/10\\\/544002-Emag-43-HD-1.jpg\",\"contentUrl\":\"https:\\\/\\\/ergra-engelen.be\\\/wp-content\\\/uploads\\\/2023\\\/10\\\/544002-Emag-43-HD-1.jpg\",\"width\":1000,\"height\":1000,\"caption\":\"Schweizer-544002 - Emag 43 HD\"},{\"@type\":\"BreadcrumbList\",\"@id\":\"https:\\\/\\\/ergra-engelen.be\\\/fr\\\/product\\\/schweizer-emag-43-hd\\\/#breadcrumb\",\"itemListElement\":[{\"@type\":\"ListItem\",\"position\":1,\"name\":\"Maison\",\"item\":\"https:\\\/\\\/ergra-engelen.be\\\/fr\\\/\"},{\"@type\":\"ListItem\",\"position\":2,\"name\":\"Boutique en ligne\",\"item\":\"https:\\\/\\\/ergra-engelen.be\\\/fr\\\/boutique-en-ligne-ergra-engelen-low-vision\\\/\"},{\"@type\":\"ListItem\",\"position\":3,\"name\":\"Schweizer Emag 43 HD\"}]},{\"@type\":\"WebSite\",\"@id\":\"https:\\\/\\\/ergra-engelen.be\\\/fr\\\/#website\",\"url\":\"https:\\\/\\\/ergra-engelen.be\\\/fr\\\/\",\"name\":\"Ergra Engelen\",\"description\":\"Le meilleur sous une meilleure vue\",\"publisher\":{\"@id\":\"https:\\\/\\\/ergra-engelen.be\\\/fr\\\/#organization\"},\"potentialAction\":[{\"@type\":\"SearchAction\",\"target\":{\"@type\":\"EntryPoint\",\"urlTemplate\":\"https:\\\/\\\/ergra-engelen.be\\\/fr\\\/?s={search_term_string}\"},\"query-input\":{\"@type\":\"PropertyValueSpecification\",\"valueRequired\":true,\"valueName\":\"search_term_string\"}}],\"inLanguage\":\"fr-FR\"},{\"@type\":\"Organization\",\"@id\":\"https:\\\/\\\/ergra-engelen.be\\\/fr\\\/#organization\",\"name\":\"Ergra Engelen\",\"url\":\"https:\\\/\\\/ergra-engelen.be\\\/fr\\\/\",\"logo\":{\"@type\":\"ImageObject\",\"inLanguage\":\"fr-FR\",\"@id\":\"https:\\\/\\\/ergra-engelen.be\\\/fr\\\/#\\\/schema\\\/logo\\\/image\\\/\",\"url\":\"https:\\\/\\\/ergra-engelen.be\\\/wp-content\\\/uploads\\\/2023\\\/07\\\/ERGRA_logo_black_rgb.png\",\"contentUrl\":\"https:\\\/\\\/ergra-engelen.be\\\/wp-content\\\/uploads\\\/2023\\\/07\\\/ERGRA_logo_black_rgb.png\",\"width\":1500,\"height\":699,\"caption\":\"Ergra Engelen\"},\"image\":{\"@id\":\"https:\\\/\\\/ergra-engelen.be\\\/fr\\\/#\\\/schema\\\/logo\\\/image\\\/\"}}]}<\/script>\n<!-- \/ Yoast SEO plugin. -->","yoast_head_json":{"title":"Schweizer Emag 43 HD - Ergra Engelen","robots":{"index":"index","follow":"follow","max-snippet":"max-snippet:-1","max-image-preview":"max-image-preview:large","max-video-preview":"max-video-preview:-1"},"canonical":"https:\/\/ergra-engelen.be\/fr\/product\/schweizer-emag-43-hd\/","og_locale":"fr_FR","og_type":"article","og_title":"Schweizer Emag 43 HD - Ergra Engelen","og_description":"SCHWEIZER EMAG 43 HD LOUPE \u00c9LECTRONIQUE   Loupe vid\u00e9o \u00e9lectronique de haute qualit\u00e9 de Schweizer.  Diff\u00e9rentes options d'affichage : couleur, noir sur blanc, blanc sur noir, jaune sur bleu, jaune sur noir + 15 options de contraste suppl\u00e9mentaires.  Grossissement : cam\u00e9ra autofocus HD de 1,6x \u00e0 14x  Poids : 228 grammes.  \u00c9cran : \u00e9cran LCD 4,3 pouces 16:9  Dimensions : 126x75x37mm (pli\u00e9)  Batterie : 4 piles rechargeables AAA NiMH (environ 2 heures de temps de charge)  Plus net - Diff\u00e9rentes options de couleurs d'\u00e9cran - Instantan\u00e9 (80 images peuvent \u00eatre enregistr\u00e9es et export\u00e9es via USB) - Ligne de lecture et masquage de texte r\u00e9glables.  Y inclus: \u00e9tui avec passant de ceinture et dragonne - Dragonne poignet - Adaptateur d'alimentation - C\u00e2ble USB -","og_url":"https:\/\/ergra-engelen.be\/fr\/product\/schweizer-emag-43-hd\/","og_site_name":"Ergra Engelen","article_modified_time":"2023-10-06T08:40:17+00:00","og_image":[{"width":1000,"height":1000,"url":"https:\/\/ergra-engelen.be\/wp-content\/uploads\/2023\/10\/544002-Emag-43-HD-1.jpg","type":"image\/jpeg"}],"twitter_card":"summary_large_image","twitter_misc":{"Dur\u00e9e de lecture estim\u00e9e":"1 minute"},"schema":{"@context":"https:\/\/schema.org","@graph":[{"@type":"WebPage","@id":"https:\/\/ergra-engelen.be\/fr\/product\/schweizer-emag-43-hd\/","url":"https:\/\/ergra-engelen.be\/fr\/product\/schweizer-emag-43-hd\/","name":"Schweizer Emag 43 HD - Ergra Engelen","isPartOf":{"@id":"https:\/\/ergra-engelen.be\/fr\/#website"},"primaryImageOfPage":{"@id":"https:\/\/ergra-engelen.be\/fr\/product\/schweizer-emag-43-hd\/#primaryimage"},"image":{"@id":"https:\/\/ergra-engelen.be\/fr\/product\/schweizer-emag-43-hd\/#primaryimage"},"thumbnailUrl":"https:\/\/ergra-engelen.be\/wp-content\/uploads\/2023\/10\/544002-Emag-43-HD-1.jpg","datePublished":"2023-10-05T09:52:55+00:00","dateModified":"2023-10-06T08:40:17+00:00","breadcrumb":{"@id":"https:\/\/ergra-engelen.be\/fr\/product\/schweizer-emag-43-hd\/#breadcrumb"},"inLanguage":"fr-FR","potentialAction":[{"@type":"ReadAction","target":["https:\/\/ergra-engelen.be\/fr\/product\/schweizer-emag-43-hd\/"]}]},{"@type":"ImageObject","inLanguage":"fr-FR","@id":"https:\/\/ergra-engelen.be\/fr\/product\/schweizer-emag-43-hd\/#primaryimage","url":"https:\/\/ergra-engelen.be\/wp-content\/uploads\/2023\/10\/544002-Emag-43-HD-1.jpg","contentUrl":"https:\/\/ergra-engelen.be\/wp-content\/uploads\/2023\/10\/544002-Emag-43-HD-1.jpg","width":1000,"height":1000,"caption":"Schweizer-544002 - Emag 43 HD"},{"@type":"BreadcrumbList","@id":"https:\/\/ergra-engelen.be\/fr\/product\/schweizer-emag-43-hd\/#breadcrumb","itemListElement":[{"@type":"ListItem","position":1,"name":"Maison","item":"https:\/\/ergra-engelen.be\/fr\/"},{"@type":"ListItem","position":2,"name":"Boutique en ligne","item":"https:\/\/ergra-engelen.be\/fr\/boutique-en-ligne-ergra-engelen-low-vision\/"},{"@type":"ListItem","position":3,"name":"Schweizer Emag 43 HD"}]},{"@type":"WebSite","@id":"https:\/\/ergra-engelen.be\/fr\/#website","url":"https:\/\/ergra-engelen.be\/fr\/","name":"Ergra Engelen","description":"Le meilleur sous une meilleure vue","publisher":{"@id":"https:\/\/ergra-engelen.be\/fr\/#organization"},"potentialAction":[{"@type":"SearchAction","target":{"@type":"EntryPoint","urlTemplate":"https:\/\/ergra-engelen.be\/fr\/?s={search_term_string}"},"query-input":{"@type":"PropertyValueSpecification","valueRequired":true,"valueName":"search_term_string"}}],"inLanguage":"fr-FR"},{"@type":"Organization","@id":"https:\/\/ergra-engelen.be\/fr\/#organization","name":"Ergra Engelen","url":"https:\/\/ergra-engelen.be\/fr\/","logo":{"@type":"ImageObject","inLanguage":"fr-FR","@id":"https:\/\/ergra-engelen.be\/fr\/#\/schema\/logo\/image\/","url":"https:\/\/ergra-engelen.be\/wp-content\/uploads\/2023\/07\/ERGRA_logo_black_rgb.png","contentUrl":"https:\/\/ergra-engelen.be\/wp-content\/uploads\/2023\/07\/ERGRA_logo_black_rgb.png","width":1500,"height":699,"caption":"Ergra Engelen"},"image":{"@id":"https:\/\/ergra-engelen.be\/fr\/#\/schema\/logo\/image\/"}}]}},"jetpack_sharing_enabled":true,"_links":{"self":[{"href":"https:\/\/ergra-engelen.be\/fr\/wp-json\/wp\/v2\/product\/19242","targetHints":{"allow":["GET"]}}],"collection":[{"href":"https:\/\/ergra-engelen.be\/fr\/wp-json\/wp\/v2\/product"}],"about":[{"href":"https:\/\/ergra-engelen.be\/fr\/wp-json\/wp\/v2\/types\/product"}],"wp:featuredmedia":[{"embeddable":true,"href":"https:\/\/ergra-engelen.be\/fr\/wp-json\/wp\/v2\/media\/19272"}],"wp:attachment":[{"href":"https:\/\/ergra-engelen.be\/fr\/wp-json\/wp\/v2\/media?parent=19242"}],"wp:term":[{"taxonomy":"product_brand","embeddable":true,"href":"https:\/\/ergra-engelen.be\/fr\/wp-json\/wp\/v2\/product_brand?post=19242"},{"taxonomy":"product_cat","embeddable":true,"href":"https:\/\/ergra-engelen.be\/fr\/wp-json\/wp\/v2\/product_cat?post=19242"},{"taxonomy":"product_tag","embeddable":true,"href":"https:\/\/ergra-engelen.be\/fr\/wp-json\/wp\/v2\/product_tag?post=19242"}],"curies":[{"name":"wp","href":"https:\/\/api.w.org\/{rel}","templated":true}]}}