{"id":18279,"date":"2023-09-21T11:33:19","date_gmt":"2023-09-21T11:33:19","guid":{"rendered":"https:\/\/ergra-engelen.be\/product\/multilens-biocover-avec-filtre-medical-400\/"},"modified":"2023-12-29T15:24:20","modified_gmt":"2023-12-29T15:24:20","slug":"multilens-biocover-avec-filtre-medical-400","status":"publish","type":"product","link":"https:\/\/ergra-engelen.be\/fr\/product\/multilens-biocover-avec-filtre-medical-400\/","title":{"rendered":"Multilens Biocover avec filtre m\u00e9dical 400"},"content":{"rendered":"<p>Utilisez-vous souvent l\u2019ordinateur ?<br \/>\nCe filtre m\u00e9dical le plus clair offre de la protection et du confort, sans distorsion des couleurs.<br \/>\nAbsorbe une partie du d\u00e9but de la fr\u00e9quence de la lumi\u00e8re bleue.<br \/>\nDisponible en 3 couleurs de monture : noir, hazelnut brun et bronze fonc\u00e9.<br \/>\nDisponible en 3 tailles : Small, Medium, Large.<br \/>\nSmall: 60-40-12.<br \/>\nMedium: 64-42-13.<br \/>\nLarge: 67-45-15.<\/p>\n","protected":false},"excerpt":{"rendered":"<p>Multilens Biocover avec filtre m\u00e9dical 400<\/p>\n<ul>\n<li>noir<br \/>\ndark bronze<br \/>\nhazelnut brun<\/li>\n<li>small<br \/>\nmedium<br \/>\nlarge<\/li>\n<\/ul>\n","protected":false},"featured_media":18253,"template":"","meta":{"_exactmetrics_skip_tracking":false,"_exactmetrics_sitenote_active":false,"_exactmetrics_sitenote_note":"","_exactmetrics_sitenote_category":0},"product_brand":[],"product_cat":[126,140,141],"product_tag":[],"class_list":{"0":"post-18279","1":"product","2":"type-product","3":"status-publish","4":"has-post-thumbnail","6":"product_cat-je-suis-malvoyante","7":"product_cat-lunettes-a-filtre-medical","8":"product_cat-surlunettes-et-clips-a-filtre","10":"first","11":"instock","12":"taxable","13":"shipping-taxable","14":"purchasable","15":"product-type-variable","16":"has-default-attributes"},"yoast_head":"<!-- This site is optimized with the Yoast SEO plugin v27.3 - https:\/\/yoast.com\/product\/yoast-seo-wordpress\/ -->\n<title>Multilens Biocover avec filtre m\u00e9dical 400 - Ergra Engelen<\/title>\n<meta name=\"robots\" content=\"index, follow, max-snippet:-1, max-image-preview:large, max-video-preview:-1\" \/>\n<link rel=\"canonical\" href=\"https:\/\/ergra-engelen.be\/fr\/product\/multilens-biocover-avec-filtre-medical-400\/\" \/>\n<meta property=\"og:locale\" content=\"fr_FR\" \/>\n<meta property=\"og:type\" content=\"article\" \/>\n<meta property=\"og:title\" content=\"Multilens Biocover avec filtre m\u00e9dical 400 - Ergra Engelen\" \/>\n<meta property=\"og:description\" content=\"Multilens Biocover avec filtre m\u00e9dical 400  noir dark bronze hazelnut brun  small medium large\" \/>\n<meta property=\"og:url\" content=\"https:\/\/ergra-engelen.be\/fr\/product\/multilens-biocover-avec-filtre-medical-400\/\" \/>\n<meta property=\"og:site_name\" content=\"Ergra Engelen\" \/>\n<meta property=\"article:modified_time\" content=\"2023-12-29T15:24:20+00:00\" \/>\n<meta property=\"og:image\" content=\"https:\/\/ergra-engelen.be\/wp-content\/uploads\/2023\/09\/311130-Biocover-400-black.jpg\" \/>\n\t<meta property=\"og:image:width\" content=\"1000\" \/>\n\t<meta property=\"og:image:height\" content=\"1000\" \/>\n\t<meta property=\"og:image:type\" content=\"image\/jpeg\" \/>\n<meta name=\"twitter:card\" content=\"summary_large_image\" \/>\n<script type=\"application\/ld+json\" class=\"yoast-schema-graph\">{\"@context\":\"https:\\\/\\\/schema.org\",\"@graph\":[{\"@type\":\"WebPage\",\"@id\":\"https:\\\/\\\/ergra-engelen.be\\\/fr\\\/product\\\/multilens-biocover-avec-filtre-medical-400\\\/\",\"url\":\"https:\\\/\\\/ergra-engelen.be\\\/fr\\\/product\\\/multilens-biocover-avec-filtre-medical-400\\\/\",\"name\":\"Multilens Biocover avec filtre m\u00e9dical 400 - Ergra Engelen\",\"isPartOf\":{\"@id\":\"https:\\\/\\\/ergra-engelen.be\\\/fr\\\/#website\"},\"primaryImageOfPage\":{\"@id\":\"https:\\\/\\\/ergra-engelen.be\\\/fr\\\/product\\\/multilens-biocover-avec-filtre-medical-400\\\/#primaryimage\"},\"image\":{\"@id\":\"https:\\\/\\\/ergra-engelen.be\\\/fr\\\/product\\\/multilens-biocover-avec-filtre-medical-400\\\/#primaryimage\"},\"thumbnailUrl\":\"https:\\\/\\\/ergra-engelen.be\\\/wp-content\\\/uploads\\\/2023\\\/09\\\/311130-Biocover-400-black.jpg\",\"datePublished\":\"2023-09-21T11:33:19+00:00\",\"dateModified\":\"2023-12-29T15:24:20+00:00\",\"breadcrumb\":{\"@id\":\"https:\\\/\\\/ergra-engelen.be\\\/fr\\\/product\\\/multilens-biocover-avec-filtre-medical-400\\\/#breadcrumb\"},\"inLanguage\":\"fr-FR\",\"potentialAction\":[{\"@type\":\"ReadAction\",\"target\":[\"https:\\\/\\\/ergra-engelen.be\\\/fr\\\/product\\\/multilens-biocover-avec-filtre-medical-400\\\/\"]}]},{\"@type\":\"ImageObject\",\"inLanguage\":\"fr-FR\",\"@id\":\"https:\\\/\\\/ergra-engelen.be\\\/fr\\\/product\\\/multilens-biocover-avec-filtre-medical-400\\\/#primaryimage\",\"url\":\"https:\\\/\\\/ergra-engelen.be\\\/wp-content\\\/uploads\\\/2023\\\/09\\\/311130-Biocover-400-black.jpg\",\"contentUrl\":\"https:\\\/\\\/ergra-engelen.be\\\/wp-content\\\/uploads\\\/2023\\\/09\\\/311130-Biocover-400-black.jpg\",\"width\":1000,\"height\":1000,\"caption\":\"ML311130 - Biocover 400 - black\"},{\"@type\":\"BreadcrumbList\",\"@id\":\"https:\\\/\\\/ergra-engelen.be\\\/fr\\\/product\\\/multilens-biocover-avec-filtre-medical-400\\\/#breadcrumb\",\"itemListElement\":[{\"@type\":\"ListItem\",\"position\":1,\"name\":\"Maison\",\"item\":\"https:\\\/\\\/ergra-engelen.be\\\/fr\\\/\"},{\"@type\":\"ListItem\",\"position\":2,\"name\":\"Boutique en ligne\",\"item\":\"https:\\\/\\\/ergra-engelen.be\\\/fr\\\/boutique-en-ligne-ergra-engelen-low-vision\\\/\"},{\"@type\":\"ListItem\",\"position\":3,\"name\":\"Multilens Biocover avec filtre m\u00e9dical 400\"}]},{\"@type\":\"WebSite\",\"@id\":\"https:\\\/\\\/ergra-engelen.be\\\/fr\\\/#website\",\"url\":\"https:\\\/\\\/ergra-engelen.be\\\/fr\\\/\",\"name\":\"Ergra Engelen\",\"description\":\"Le meilleur sous une meilleure vue\",\"publisher\":{\"@id\":\"https:\\\/\\\/ergra-engelen.be\\\/fr\\\/#organization\"},\"potentialAction\":[{\"@type\":\"SearchAction\",\"target\":{\"@type\":\"EntryPoint\",\"urlTemplate\":\"https:\\\/\\\/ergra-engelen.be\\\/fr\\\/?s={search_term_string}\"},\"query-input\":{\"@type\":\"PropertyValueSpecification\",\"valueRequired\":true,\"valueName\":\"search_term_string\"}}],\"inLanguage\":\"fr-FR\"},{\"@type\":\"Organization\",\"@id\":\"https:\\\/\\\/ergra-engelen.be\\\/fr\\\/#organization\",\"name\":\"Ergra Engelen\",\"url\":\"https:\\\/\\\/ergra-engelen.be\\\/fr\\\/\",\"logo\":{\"@type\":\"ImageObject\",\"inLanguage\":\"fr-FR\",\"@id\":\"https:\\\/\\\/ergra-engelen.be\\\/fr\\\/#\\\/schema\\\/logo\\\/image\\\/\",\"url\":\"https:\\\/\\\/ergra-engelen.be\\\/wp-content\\\/uploads\\\/2023\\\/07\\\/ERGRA_logo_black_rgb.png\",\"contentUrl\":\"https:\\\/\\\/ergra-engelen.be\\\/wp-content\\\/uploads\\\/2023\\\/07\\\/ERGRA_logo_black_rgb.png\",\"width\":1500,\"height\":699,\"caption\":\"Ergra Engelen\"},\"image\":{\"@id\":\"https:\\\/\\\/ergra-engelen.be\\\/fr\\\/#\\\/schema\\\/logo\\\/image\\\/\"}}]}<\/script>\n<!-- \/ Yoast SEO plugin. -->","yoast_head_json":{"title":"Multilens Biocover avec filtre m\u00e9dical 400 - Ergra Engelen","robots":{"index":"index","follow":"follow","max-snippet":"max-snippet:-1","max-image-preview":"max-image-preview:large","max-video-preview":"max-video-preview:-1"},"canonical":"https:\/\/ergra-engelen.be\/fr\/product\/multilens-biocover-avec-filtre-medical-400\/","og_locale":"fr_FR","og_type":"article","og_title":"Multilens Biocover avec filtre m\u00e9dical 400 - Ergra Engelen","og_description":"Multilens Biocover avec filtre m\u00e9dical 400  noir dark bronze hazelnut brun  small medium large","og_url":"https:\/\/ergra-engelen.be\/fr\/product\/multilens-biocover-avec-filtre-medical-400\/","og_site_name":"Ergra Engelen","article_modified_time":"2023-12-29T15:24:20+00:00","og_image":[{"width":1000,"height":1000,"url":"https:\/\/ergra-engelen.be\/wp-content\/uploads\/2023\/09\/311130-Biocover-400-black.jpg","type":"image\/jpeg"}],"twitter_card":"summary_large_image","schema":{"@context":"https:\/\/schema.org","@graph":[{"@type":"WebPage","@id":"https:\/\/ergra-engelen.be\/fr\/product\/multilens-biocover-avec-filtre-medical-400\/","url":"https:\/\/ergra-engelen.be\/fr\/product\/multilens-biocover-avec-filtre-medical-400\/","name":"Multilens Biocover avec filtre m\u00e9dical 400 - Ergra Engelen","isPartOf":{"@id":"https:\/\/ergra-engelen.be\/fr\/#website"},"primaryImageOfPage":{"@id":"https:\/\/ergra-engelen.be\/fr\/product\/multilens-biocover-avec-filtre-medical-400\/#primaryimage"},"image":{"@id":"https:\/\/ergra-engelen.be\/fr\/product\/multilens-biocover-avec-filtre-medical-400\/#primaryimage"},"thumbnailUrl":"https:\/\/ergra-engelen.be\/wp-content\/uploads\/2023\/09\/311130-Biocover-400-black.jpg","datePublished":"2023-09-21T11:33:19+00:00","dateModified":"2023-12-29T15:24:20+00:00","breadcrumb":{"@id":"https:\/\/ergra-engelen.be\/fr\/product\/multilens-biocover-avec-filtre-medical-400\/#breadcrumb"},"inLanguage":"fr-FR","potentialAction":[{"@type":"ReadAction","target":["https:\/\/ergra-engelen.be\/fr\/product\/multilens-biocover-avec-filtre-medical-400\/"]}]},{"@type":"ImageObject","inLanguage":"fr-FR","@id":"https:\/\/ergra-engelen.be\/fr\/product\/multilens-biocover-avec-filtre-medical-400\/#primaryimage","url":"https:\/\/ergra-engelen.be\/wp-content\/uploads\/2023\/09\/311130-Biocover-400-black.jpg","contentUrl":"https:\/\/ergra-engelen.be\/wp-content\/uploads\/2023\/09\/311130-Biocover-400-black.jpg","width":1000,"height":1000,"caption":"ML311130 - Biocover 400 - black"},{"@type":"BreadcrumbList","@id":"https:\/\/ergra-engelen.be\/fr\/product\/multilens-biocover-avec-filtre-medical-400\/#breadcrumb","itemListElement":[{"@type":"ListItem","position":1,"name":"Maison","item":"https:\/\/ergra-engelen.be\/fr\/"},{"@type":"ListItem","position":2,"name":"Boutique en ligne","item":"https:\/\/ergra-engelen.be\/fr\/boutique-en-ligne-ergra-engelen-low-vision\/"},{"@type":"ListItem","position":3,"name":"Multilens Biocover avec filtre m\u00e9dical 400"}]},{"@type":"WebSite","@id":"https:\/\/ergra-engelen.be\/fr\/#website","url":"https:\/\/ergra-engelen.be\/fr\/","name":"Ergra Engelen","description":"Le meilleur sous une meilleure vue","publisher":{"@id":"https:\/\/ergra-engelen.be\/fr\/#organization"},"potentialAction":[{"@type":"SearchAction","target":{"@type":"EntryPoint","urlTemplate":"https:\/\/ergra-engelen.be\/fr\/?s={search_term_string}"},"query-input":{"@type":"PropertyValueSpecification","valueRequired":true,"valueName":"search_term_string"}}],"inLanguage":"fr-FR"},{"@type":"Organization","@id":"https:\/\/ergra-engelen.be\/fr\/#organization","name":"Ergra Engelen","url":"https:\/\/ergra-engelen.be\/fr\/","logo":{"@type":"ImageObject","inLanguage":"fr-FR","@id":"https:\/\/ergra-engelen.be\/fr\/#\/schema\/logo\/image\/","url":"https:\/\/ergra-engelen.be\/wp-content\/uploads\/2023\/07\/ERGRA_logo_black_rgb.png","contentUrl":"https:\/\/ergra-engelen.be\/wp-content\/uploads\/2023\/07\/ERGRA_logo_black_rgb.png","width":1500,"height":699,"caption":"Ergra Engelen"},"image":{"@id":"https:\/\/ergra-engelen.be\/fr\/#\/schema\/logo\/image\/"}}]}},"jetpack_sharing_enabled":true,"_links":{"self":[{"href":"https:\/\/ergra-engelen.be\/fr\/wp-json\/wp\/v2\/product\/18279","targetHints":{"allow":["GET"]}}],"collection":[{"href":"https:\/\/ergra-engelen.be\/fr\/wp-json\/wp\/v2\/product"}],"about":[{"href":"https:\/\/ergra-engelen.be\/fr\/wp-json\/wp\/v2\/types\/product"}],"wp:featuredmedia":[{"embeddable":true,"href":"https:\/\/ergra-engelen.be\/fr\/wp-json\/wp\/v2\/media\/18253"}],"wp:attachment":[{"href":"https:\/\/ergra-engelen.be\/fr\/wp-json\/wp\/v2\/media?parent=18279"}],"wp:term":[{"taxonomy":"product_brand","embeddable":true,"href":"https:\/\/ergra-engelen.be\/fr\/wp-json\/wp\/v2\/product_brand?post=18279"},{"taxonomy":"product_cat","embeddable":true,"href":"https:\/\/ergra-engelen.be\/fr\/wp-json\/wp\/v2\/product_cat?post=18279"},{"taxonomy":"product_tag","embeddable":true,"href":"https:\/\/ergra-engelen.be\/fr\/wp-json\/wp\/v2\/product_tag?post=18279"}],"curies":[{"name":"wp","href":"https:\/\/api.w.org\/{rel}","templated":true}]}}