{"id":17223,"date":"2023-07-10T22:57:38","date_gmt":"2023-07-10T22:57:38","guid":{"rendered":"https:\/\/ergra-engelen.be\/?post_type=product&#038;p=17223"},"modified":"2023-10-03T09:24:00","modified_gmt":"2023-10-03T09:24:00","slug":"bali-lunettes-a-chambre-humide-yeux-sensibles","status":"publish","type":"product","link":"https:\/\/ergra-engelen.be\/fr\/product\/bali-lunettes-a-chambre-humide-yeux-sensibles\/","title":{"rendered":"Lunettes \u00e0 chambre humide BALI"},"content":{"rendered":"<p class=\"p1\">Ce mod\u00e8le a une monture \u00e9caille grise. Diff\u00e9rentes montures sont disponibles. Toutes les montures peuvent prot\u00e9ger de deux fa\u00e7ons :<\/p>\n<p class=\"p1\">Protection en silicone : Un \u00e9l\u00e9ment sp\u00e9cial de protection en silicone est fix\u00e9 \u00e0 la monture pour maintenir l\u2019humidit\u00e9 des yeux, tout en bloquant l\u2019intrusion de facteurs susceptibles d\u2019irriter les yeux. La protection en silicone transparent est maintenue en place au moyen de puissants aimants, mais elle peut \u00e9galement \u00eatre facilement retir\u00e9e ou remplac\u00e9e.<\/p>\n<p class=\"p3\">Filtre \u00e0 air : Outre la protection en silicone, il est \u00e9galement possible d&rsquo;opter pour un filtre \u00e0 air. Il s\u2019agit d\u2019une protection r\u00e9sistante en mousse perm\u00e9able \u00e0 l\u2019air mais rapidement absorbante, qui fait barrage \u00e0 l\u2019humidit\u00e9 de l\u2019ext\u00e9rieur. Ce filtrage assure un flux d&rsquo;air ad\u00e9quat pour les yeux. La protection se retire facilement et est lavable.<\/p>\n<p class=\"p3\">C\u2019est surtout la monture qui importe pour des lunettes \u00e0 chambre humide. Les verres peuvent toujours \u00eatre adapt\u00e9s selon vos besoins m\u00e9dicaux.<\/p>\n<p>Dimensions: 63-14<\/p>\n<p>Vbox: 38<\/p>\n<p>Longueur branche : 130 mm<\/p>\n<p>&nbsp;<\/p>\n","protected":false},"excerpt":{"rendered":"<p class=\"p1\">Les lunettes \u00e0 chambre humide prot\u00e8gent compl\u00e8tement les yeux du vent, du soleil, de la poussi\u00e8re, du pollen et de la lumi\u00e8re. Les lunettes \u00e0 chambre humide permettent d&rsquo;\u00e9viter les sensations de br\u00fblure, les d\u00e9mangeaisons et les rougeurs oculaires. Elles permettent \u00e9galement de retenir l&rsquo;humidit\u00e9 des yeux, \u00e9vitant ainsi la s\u00e9cheresse oculaire. Bref, ces lunettes vous offrent du confort!<\/p>\n","protected":false},"featured_media":19004,"template":"","meta":{"_exactmetrics_skip_tracking":false,"_exactmetrics_sitenote_active":false,"_exactmetrics_sitenote_note":"","_exactmetrics_sitenote_category":0},"product_brand":[],"product_cat":[126,138],"product_tag":[],"class_list":{"0":"post-17223","1":"product","2":"type-product","3":"status-publish","4":"has-post-thumbnail","6":"product_cat-je-suis-malvoyante","7":"product_cat-lunettes-a-coques-laterales-pour-yeux-sensibles","9":"first","10":"instock","11":"taxable","12":"shipping-taxable","13":"purchasable","14":"product-type-simple"},"yoast_head":"<!-- This site is optimized with the Yoast SEO plugin v27.3 - https:\/\/yoast.com\/product\/yoast-seo-wordpress\/ -->\n<title>Lunettes \u00e0 chambre humide BALI - Ergra Engelen<\/title>\n<meta name=\"robots\" content=\"index, follow, max-snippet:-1, max-image-preview:large, max-video-preview:-1\" \/>\n<link rel=\"canonical\" href=\"https:\/\/ergra-engelen.be\/fr\/product\/bali-lunettes-a-chambre-humide-yeux-sensibles\/\" \/>\n<meta property=\"og:locale\" content=\"fr_FR\" \/>\n<meta property=\"og:type\" content=\"article\" \/>\n<meta property=\"og:title\" content=\"Lunettes \u00e0 chambre humide BALI - Ergra Engelen\" \/>\n<meta property=\"og:description\" content=\"Les lunettes \u00e0 chambre humide prot\u00e8gent compl\u00e8tement les yeux du vent, du soleil, de la poussi\u00e8re, du pollen et de la lumi\u00e8re. Les lunettes \u00e0 chambre humide permettent d&#039;\u00e9viter les sensations de br\u00fblure, les d\u00e9mangeaisons et les rougeurs oculaires. Elles permettent \u00e9galement de retenir l&#039;humidit\u00e9 des yeux, \u00e9vitant ainsi la s\u00e9cheresse oculaire. Bref, ces lunettes vous offrent du confort!\" \/>\n<meta property=\"og:url\" content=\"https:\/\/ergra-engelen.be\/fr\/product\/bali-lunettes-a-chambre-humide-yeux-sensibles\/\" \/>\n<meta property=\"og:site_name\" content=\"Ergra Engelen\" \/>\n<meta property=\"article:modified_time\" content=\"2023-10-03T09:24:00+00:00\" \/>\n<meta property=\"og:image\" content=\"https:\/\/ergra-engelen.be\/wp-content\/uploads\/2023\/07\/bali.jpg\" \/>\n\t<meta property=\"og:image:width\" content=\"600\" \/>\n\t<meta property=\"og:image:height\" content=\"600\" \/>\n\t<meta property=\"og:image:type\" content=\"image\/jpeg\" \/>\n<meta name=\"twitter:card\" content=\"summary_large_image\" \/>\n<meta name=\"twitter:label1\" content=\"Dur\u00e9e de lecture estim\u00e9e\" \/>\n\t<meta name=\"twitter:data1\" content=\"1 minute\" \/>\n<script type=\"application\/ld+json\" class=\"yoast-schema-graph\">{\"@context\":\"https:\\\/\\\/schema.org\",\"@graph\":[{\"@type\":\"WebPage\",\"@id\":\"https:\\\/\\\/ergra-engelen.be\\\/fr\\\/product\\\/bali-lunettes-a-chambre-humide-yeux-sensibles\\\/\",\"url\":\"https:\\\/\\\/ergra-engelen.be\\\/fr\\\/product\\\/bali-lunettes-a-chambre-humide-yeux-sensibles\\\/\",\"name\":\"Lunettes \u00e0 chambre humide BALI - Ergra Engelen\",\"isPartOf\":{\"@id\":\"https:\\\/\\\/ergra-engelen.be\\\/fr\\\/#website\"},\"primaryImageOfPage\":{\"@id\":\"https:\\\/\\\/ergra-engelen.be\\\/fr\\\/product\\\/bali-lunettes-a-chambre-humide-yeux-sensibles\\\/#primaryimage\"},\"image\":{\"@id\":\"https:\\\/\\\/ergra-engelen.be\\\/fr\\\/product\\\/bali-lunettes-a-chambre-humide-yeux-sensibles\\\/#primaryimage\"},\"thumbnailUrl\":\"https:\\\/\\\/ergra-engelen.be\\\/wp-content\\\/uploads\\\/2023\\\/07\\\/bali.jpg\",\"datePublished\":\"2023-07-10T22:57:38+00:00\",\"dateModified\":\"2023-10-03T09:24:00+00:00\",\"breadcrumb\":{\"@id\":\"https:\\\/\\\/ergra-engelen.be\\\/fr\\\/product\\\/bali-lunettes-a-chambre-humide-yeux-sensibles\\\/#breadcrumb\"},\"inLanguage\":\"fr-FR\",\"potentialAction\":[{\"@type\":\"ReadAction\",\"target\":[\"https:\\\/\\\/ergra-engelen.be\\\/fr\\\/product\\\/bali-lunettes-a-chambre-humide-yeux-sensibles\\\/\"]}]},{\"@type\":\"ImageObject\",\"inLanguage\":\"fr-FR\",\"@id\":\"https:\\\/\\\/ergra-engelen.be\\\/fr\\\/product\\\/bali-lunettes-a-chambre-humide-yeux-sensibles\\\/#primaryimage\",\"url\":\"https:\\\/\\\/ergra-engelen.be\\\/wp-content\\\/uploads\\\/2023\\\/07\\\/bali.jpg\",\"contentUrl\":\"https:\\\/\\\/ergra-engelen.be\\\/wp-content\\\/uploads\\\/2023\\\/07\\\/bali.jpg\",\"width\":600,\"height\":600,\"caption\":\"kappenbril-bali\"},{\"@type\":\"BreadcrumbList\",\"@id\":\"https:\\\/\\\/ergra-engelen.be\\\/fr\\\/product\\\/bali-lunettes-a-chambre-humide-yeux-sensibles\\\/#breadcrumb\",\"itemListElement\":[{\"@type\":\"ListItem\",\"position\":1,\"name\":\"Maison\",\"item\":\"https:\\\/\\\/ergra-engelen.be\\\/fr\\\/\"},{\"@type\":\"ListItem\",\"position\":2,\"name\":\"Boutique en ligne\",\"item\":\"https:\\\/\\\/ergra-engelen.be\\\/fr\\\/boutique-en-ligne-ergra-engelen-low-vision\\\/\"},{\"@type\":\"ListItem\",\"position\":3,\"name\":\"Lunettes \u00e0 chambre humide BALI\"}]},{\"@type\":\"WebSite\",\"@id\":\"https:\\\/\\\/ergra-engelen.be\\\/fr\\\/#website\",\"url\":\"https:\\\/\\\/ergra-engelen.be\\\/fr\\\/\",\"name\":\"Ergra Engelen\",\"description\":\"Le meilleur sous une meilleure vue\",\"publisher\":{\"@id\":\"https:\\\/\\\/ergra-engelen.be\\\/fr\\\/#organization\"},\"potentialAction\":[{\"@type\":\"SearchAction\",\"target\":{\"@type\":\"EntryPoint\",\"urlTemplate\":\"https:\\\/\\\/ergra-engelen.be\\\/fr\\\/?s={search_term_string}\"},\"query-input\":{\"@type\":\"PropertyValueSpecification\",\"valueRequired\":true,\"valueName\":\"search_term_string\"}}],\"inLanguage\":\"fr-FR\"},{\"@type\":\"Organization\",\"@id\":\"https:\\\/\\\/ergra-engelen.be\\\/fr\\\/#organization\",\"name\":\"Ergra Engelen\",\"url\":\"https:\\\/\\\/ergra-engelen.be\\\/fr\\\/\",\"logo\":{\"@type\":\"ImageObject\",\"inLanguage\":\"fr-FR\",\"@id\":\"https:\\\/\\\/ergra-engelen.be\\\/fr\\\/#\\\/schema\\\/logo\\\/image\\\/\",\"url\":\"https:\\\/\\\/ergra-engelen.be\\\/wp-content\\\/uploads\\\/2023\\\/07\\\/ERGRA_logo_black_rgb.png\",\"contentUrl\":\"https:\\\/\\\/ergra-engelen.be\\\/wp-content\\\/uploads\\\/2023\\\/07\\\/ERGRA_logo_black_rgb.png\",\"width\":1500,\"height\":699,\"caption\":\"Ergra Engelen\"},\"image\":{\"@id\":\"https:\\\/\\\/ergra-engelen.be\\\/fr\\\/#\\\/schema\\\/logo\\\/image\\\/\"}}]}<\/script>\n<!-- \/ Yoast SEO plugin. -->","yoast_head_json":{"title":"Lunettes \u00e0 chambre humide BALI - Ergra Engelen","robots":{"index":"index","follow":"follow","max-snippet":"max-snippet:-1","max-image-preview":"max-image-preview:large","max-video-preview":"max-video-preview:-1"},"canonical":"https:\/\/ergra-engelen.be\/fr\/product\/bali-lunettes-a-chambre-humide-yeux-sensibles\/","og_locale":"fr_FR","og_type":"article","og_title":"Lunettes \u00e0 chambre humide BALI - Ergra Engelen","og_description":"Les lunettes \u00e0 chambre humide prot\u00e8gent compl\u00e8tement les yeux du vent, du soleil, de la poussi\u00e8re, du pollen et de la lumi\u00e8re. Les lunettes \u00e0 chambre humide permettent d'\u00e9viter les sensations de br\u00fblure, les d\u00e9mangeaisons et les rougeurs oculaires. Elles permettent \u00e9galement de retenir l'humidit\u00e9 des yeux, \u00e9vitant ainsi la s\u00e9cheresse oculaire. Bref, ces lunettes vous offrent du confort!","og_url":"https:\/\/ergra-engelen.be\/fr\/product\/bali-lunettes-a-chambre-humide-yeux-sensibles\/","og_site_name":"Ergra Engelen","article_modified_time":"2023-10-03T09:24:00+00:00","og_image":[{"width":600,"height":600,"url":"https:\/\/ergra-engelen.be\/wp-content\/uploads\/2023\/07\/bali.jpg","type":"image\/jpeg"}],"twitter_card":"summary_large_image","twitter_misc":{"Dur\u00e9e de lecture estim\u00e9e":"1 minute"},"schema":{"@context":"https:\/\/schema.org","@graph":[{"@type":"WebPage","@id":"https:\/\/ergra-engelen.be\/fr\/product\/bali-lunettes-a-chambre-humide-yeux-sensibles\/","url":"https:\/\/ergra-engelen.be\/fr\/product\/bali-lunettes-a-chambre-humide-yeux-sensibles\/","name":"Lunettes \u00e0 chambre humide BALI - Ergra Engelen","isPartOf":{"@id":"https:\/\/ergra-engelen.be\/fr\/#website"},"primaryImageOfPage":{"@id":"https:\/\/ergra-engelen.be\/fr\/product\/bali-lunettes-a-chambre-humide-yeux-sensibles\/#primaryimage"},"image":{"@id":"https:\/\/ergra-engelen.be\/fr\/product\/bali-lunettes-a-chambre-humide-yeux-sensibles\/#primaryimage"},"thumbnailUrl":"https:\/\/ergra-engelen.be\/wp-content\/uploads\/2023\/07\/bali.jpg","datePublished":"2023-07-10T22:57:38+00:00","dateModified":"2023-10-03T09:24:00+00:00","breadcrumb":{"@id":"https:\/\/ergra-engelen.be\/fr\/product\/bali-lunettes-a-chambre-humide-yeux-sensibles\/#breadcrumb"},"inLanguage":"fr-FR","potentialAction":[{"@type":"ReadAction","target":["https:\/\/ergra-engelen.be\/fr\/product\/bali-lunettes-a-chambre-humide-yeux-sensibles\/"]}]},{"@type":"ImageObject","inLanguage":"fr-FR","@id":"https:\/\/ergra-engelen.be\/fr\/product\/bali-lunettes-a-chambre-humide-yeux-sensibles\/#primaryimage","url":"https:\/\/ergra-engelen.be\/wp-content\/uploads\/2023\/07\/bali.jpg","contentUrl":"https:\/\/ergra-engelen.be\/wp-content\/uploads\/2023\/07\/bali.jpg","width":600,"height":600,"caption":"kappenbril-bali"},{"@type":"BreadcrumbList","@id":"https:\/\/ergra-engelen.be\/fr\/product\/bali-lunettes-a-chambre-humide-yeux-sensibles\/#breadcrumb","itemListElement":[{"@type":"ListItem","position":1,"name":"Maison","item":"https:\/\/ergra-engelen.be\/fr\/"},{"@type":"ListItem","position":2,"name":"Boutique en ligne","item":"https:\/\/ergra-engelen.be\/fr\/boutique-en-ligne-ergra-engelen-low-vision\/"},{"@type":"ListItem","position":3,"name":"Lunettes \u00e0 chambre humide BALI"}]},{"@type":"WebSite","@id":"https:\/\/ergra-engelen.be\/fr\/#website","url":"https:\/\/ergra-engelen.be\/fr\/","name":"Ergra Engelen","description":"Le meilleur sous une meilleure vue","publisher":{"@id":"https:\/\/ergra-engelen.be\/fr\/#organization"},"potentialAction":[{"@type":"SearchAction","target":{"@type":"EntryPoint","urlTemplate":"https:\/\/ergra-engelen.be\/fr\/?s={search_term_string}"},"query-input":{"@type":"PropertyValueSpecification","valueRequired":true,"valueName":"search_term_string"}}],"inLanguage":"fr-FR"},{"@type":"Organization","@id":"https:\/\/ergra-engelen.be\/fr\/#organization","name":"Ergra Engelen","url":"https:\/\/ergra-engelen.be\/fr\/","logo":{"@type":"ImageObject","inLanguage":"fr-FR","@id":"https:\/\/ergra-engelen.be\/fr\/#\/schema\/logo\/image\/","url":"https:\/\/ergra-engelen.be\/wp-content\/uploads\/2023\/07\/ERGRA_logo_black_rgb.png","contentUrl":"https:\/\/ergra-engelen.be\/wp-content\/uploads\/2023\/07\/ERGRA_logo_black_rgb.png","width":1500,"height":699,"caption":"Ergra Engelen"},"image":{"@id":"https:\/\/ergra-engelen.be\/fr\/#\/schema\/logo\/image\/"}}]}},"jetpack_sharing_enabled":true,"_links":{"self":[{"href":"https:\/\/ergra-engelen.be\/fr\/wp-json\/wp\/v2\/product\/17223","targetHints":{"allow":["GET"]}}],"collection":[{"href":"https:\/\/ergra-engelen.be\/fr\/wp-json\/wp\/v2\/product"}],"about":[{"href":"https:\/\/ergra-engelen.be\/fr\/wp-json\/wp\/v2\/types\/product"}],"wp:featuredmedia":[{"embeddable":true,"href":"https:\/\/ergra-engelen.be\/fr\/wp-json\/wp\/v2\/media\/19004"}],"wp:attachment":[{"href":"https:\/\/ergra-engelen.be\/fr\/wp-json\/wp\/v2\/media?parent=17223"}],"wp:term":[{"taxonomy":"product_brand","embeddable":true,"href":"https:\/\/ergra-engelen.be\/fr\/wp-json\/wp\/v2\/product_brand?post=17223"},{"taxonomy":"product_cat","embeddable":true,"href":"https:\/\/ergra-engelen.be\/fr\/wp-json\/wp\/v2\/product_cat?post=17223"},{"taxonomy":"product_tag","embeddable":true,"href":"https:\/\/ergra-engelen.be\/fr\/wp-json\/wp\/v2\/product_tag?post=17223"}],"curies":[{"name":"wp","href":"https:\/\/api.w.org\/{rel}","templated":true}]}}